{"id":2578,"date":"2014-09-10T16:49:59","date_gmt":"2014-09-10T14:49:59","guid":{"rendered":"https:\/\/www.goldmember-escorts.de\/?page_id=2578"},"modified":"2025-02-07T10:30:47","modified_gmt":"2025-02-07T09:30:47","slug":"escorts-in-dortmund","status":"publish","type":"page","link":"https:\/\/www.goldmember-escorts.de\/en\/cities\/escorts-in-dortmund\/","title":{"rendered":"Escorts in Dortmund"},"content":{"rendered":"<h1>Escort Dormund &#8211; High Class Escortagentur<\/h1>\n<p>[sedcard-all-inkl-image]<\/p>\n<h3>Ihr VIP Escort Service Dortmund<\/h3>\n<p><img loading=\"lazy\" decoding=\"async\" class=\"alignright size-full wp-image-6516\" src=\"https:\/\/www.goldmember-escorts.de\/wp-content\/uploads\/2014\/09\/1427728134-fb8f8944c0cb762f69c4d85d9f102b6f.jpg\" alt=\"Ph\u00f6nix-See in Dortmund\" width=\"450\" height=\"300\" srcset=\"https:\/\/www.goldmember-escorts.de\/wp-content\/uploads\/2014\/09\/1427728134-fb8f8944c0cb762f69c4d85d9f102b6f.jpg 640w, https:\/\/www.goldmember-escorts.de\/wp-content\/uploads\/2014\/09\/1427728134-fb8f8944c0cb762f69c4d85d9f102b6f-300x200.jpg 300w, https:\/\/www.goldmember-escorts.de\/wp-content\/uploads\/2014\/09\/1427728134-fb8f8944c0cb762f69c4d85d9f102b6f-272x182.jpg 272w, https:\/\/www.goldmember-escorts.de\/wp-content\/uploads\/2014\/09\/1427728134-fb8f8944c0cb762f69c4d85d9f102b6f-340x226.jpg 340w, https:\/\/www.goldmember-escorts.de\/wp-content\/uploads\/2014\/09\/1427728134-fb8f8944c0cb762f69c4d85d9f102b6f-215x143.jpg 215w, https:\/\/www.goldmember-escorts.de\/wp-content\/uploads\/2014\/09\/1427728134-fb8f8944c0cb762f69c4d85d9f102b6f-101x67.jpg 101w\" sizes=\"auto, (max-width: 450px) 100vw, 450px\" \/><\/p>\n<p>Wir m\u00f6chten Sie herzlich willkommen hei\u00dfen bei Ihrer First-Class Begleitagentur in Dortmund. Gestalten Sie sich Ihren Aufenthalt im Zentrum des \u00f6stlichen Ruhrgebiets noch ein wenig spannender, indem Sie sich eine Escort Lady in Dortmund engagieren. Hier in unserem Portfolio finden Sie die h\u00fcbschesten Damen der Stadt, die Ihnen Dortmund mit anderen Augen zeigen m\u00f6chten. Ob Kultur, Business oder Unterhaltung, z\u00f6gern Sie nicht und sichern Sie sich heute noch einen unvergesslichen Tag mit einer der attraktiven und charmanten <a href=\"https:\/\/www.goldmember-escorts.de\/ladies\/\">Damen<\/a> unseres Luxus Escortservice Dortmund.<\/p>\n<h3>High Class Escort Dortmund \u2013 exklusive Dates im Pott<\/h3>\n<p>Egal, ob Sie nun auf Gesch\u00e4ftsreise sind und sich etwas Abwechslung g\u00f6nnen oder sich einen privaten Trip in die Stadt des Bieres mit einem h\u00fcbschen Escort Girl in Dortmund versch\u00f6nern m\u00f6chten \u2013 hier finden Sie Ihre pers\u00f6nliche Begleiterin. Egal, ob beim seri\u00f6sen Gesch\u00e4ftsessen oder bei exklusiven Cocktails an der Hotelbar, mit einem VIP Escort Girl Dortmund treffen Sie immer eine perfekte Wahl. Lassen Sie sich verzaubern und genie\u00dfen Sie es, mit einem bildh\u00fcbschen Model an Ihrer Seite zu flanieren und zu plaudern. Denn unsere Ladies wissen genau, wie Sie einen echten Gentleman im Handumdrehen verzaubern.<\/p>\n<h3>Eine charmante Begleitung in Dortmund ausw\u00e4hlen<\/h3>\n<p>Reizen Sie Damen, die humorvoll und unterhaltsam sind oder bevorzugen Sie eine selbstbewusste Sch\u00f6nheit, die Ihnen Dortmund zeigt? Unser High Class Escort Dortmund h\u00e4lt f\u00fcr jede Gelegenheit die perfekte Partnerin bereit. Hier sp\u00fcren Sie zu jedem Zeitpunkt, dass die Ladies mit vollem Einsatz und echter Begeisterung bei der Sache sind. So wird Ihre Escort Dortmund Verabredung zu einem wunderbaren Ausflug, der sicher nicht Ihr letzter bleiben wird. Lernen Sie Ihre attraktive Begreiterin noch heute kennen und gehen Sie mit ihr, ob blond, br\u00fcnett, rothaarig oder dunkelhaarig, kurzweilige Stunden.<\/p>\n<h3>Am\u00fcsante Stunden dank VIP Escort Service Dortmund<\/h3>\n<p>Dank unserem VIP Escort Service Dortmund k\u00f6nnen Sie die gr\u00f6\u00dfte Stadt Nordrhein-Westfalens auf eine ganz neue, bezaubernde Art und Weise kennenlernen. Die Stadt hat wesentlich mehr zu bieten, als sich viele vorstellen k\u00f6nnen. In den gem\u00fctlichen Brauh\u00e4usern der Innenstadt herrscht gro\u00dfz\u00fcgige Gastlichkeit. Selbstverst\u00e4ndlich finden sich jedoch auch zahlreiche Nobelrestaurants wie etwa das \u201ela cuisine d\u2019art manger\u201c. Auch die Spielbank Hohensyburg ist eine beliebte Adresse f\u00fcr alle, die in Dortmund Spa\u00df auf h\u00f6chstem Niveau finden m\u00f6chten. In sch\u00f6ner Begleitung gewinnt auch das Dortmunder Nachtleben eine neue Qualit\u00e4t.<\/p>\n<h3>Events, B\u00fchne und n\u00e4chtliches Treiben<\/h3>\n<p>Zu den bekanntesten B\u00fchnen der Stadt geh\u00f6ren mit Abstand das Schauspielhaus und das Opernhaus. Von Klassik bis zur Moderne findet der Zuschauer hier viel Abwechselung und schauspielerisches Geschick. Die Inszenierungen sind aufwendig, manchmal pomp\u00f6s, ein andermal schlicht und einfach. Die B\u00fchne \u00fcberzeugt mit gutem Ensemble und einem eingespielten Team hinter den Kulissen. Die Oper zeichnet sich dagegen durch ihre klassischen St\u00fccke aus. Auch Ballett und das Orchester sind auf das Traditionelle eingestellt. Wer allerdings mehr Konzerte und B\u00fchnenshows mag, der sollte in das Konzerthaus gehen oder sich in die Konzerthalle begeben. Dort findet das Publikum Darbietungen moderner Musiker von Klassik bis zu zeitgen\u00f6ssischen Kompositionen, Pop- und Rockstars sowie Musicals.<\/p>\n<p>F\u00fcr Unterhaltung bei Nacht sorgen unz\u00e4hlige Bars, Kneipen und Clubs. F\u00fcr laue Sommern\u00e4chte eignet sich wunderbar die Solendo Strandbar im Hafen. In Liegest\u00fchlen mit Sand unter den F\u00fc\u00dfen und einer Bar im tropikalischen Stil k\u00f6nnen Sie Cocktails zu sich nehmen und das Flair der Wasserstra\u00dfe im Hafen auf sich wirken lassen. Das Barock liegt im Kreuzviertel und geh\u00f6rt zu den Szenelokations der Stadt. \u00c4hnlich ist die Q-Bar, die sehr beliebt bei Einheimischen und Besuchern ist.<\/p>\n<ol>\n<li><strong> Prisma<\/strong><\/li>\n<\/ol>\n<p>Wenn nicht hierhin, wohin dann? Das \u201ePrisma\u201c ist die gr\u00f6\u00dfte Diskothek der Stadt und bietet 5.000 qm mit Restaurant, Cocktailbar sowie einer VIP-Lounge.<\/p>\n<ul>\n<li>Unterschiedliche Events an verschiedenen Tagen helfen dabei, immer wieder Abwechslung in den Club-Alltag zu bringen.<\/li>\n<li>Neben der Disko (mit wechselnden DJs) an sich gibt es noch das Atelier, den Boulevard und die VIP-Lounge, die perfekt f\u00fcr Sie und Ihre Begleitung ist.<\/li>\n<\/ul>\n<p>Adresse: Deutsche Stra\u00dfe 6, Telefon: 0231 82 96 991, www.prisma-nachterlebniswelt.de<\/p>\n<ol start=\"2\">\n<li><strong> Nightrooms<\/strong><\/li>\n<\/ol>\n<p>Auf ganzen f\u00fcnf Areas l\u00e4sst sich f\u00fcr jeden Musikgeschmack das Richtige finden. Vergessen Sie zusammen die Zeit in den \u201eNightrooms\u201c.<\/p>\n<ul>\n<li>Entscheiden Sie sich zwischen dem Brugal Club, der Mao Bar, dem Buddha, der Indo Lounge und dem Bay Club. Alle Ebenen bieten die perfekte Mischung f\u00fcr Feierw\u00fctige und Entspannungssuchende an.<\/li>\n<li>Immer wechselnde DJs und unterschiedliche Promis zeugen von der Einmaligkeit dieser Location.<\/li>\n<\/ul>\n<p>Adresse: Hansastra\u00dfe 5-7, Telefon: 0231 9580 640, www.nightrooms.de<\/p>\n<ol start=\"3\">\n<li><strong> FZW<\/strong><\/li>\n<\/ol>\n<p>Sie haben bereits vor Ihrem Dortmund-Aufenthalt mit Ihrer Lady vom \u201eFZW\u201c geh\u00f6rt? Kein Wunder, denn dort treten immer wieder gro\u00dfe K\u00fcnstler an das Mikrofon. Die Location dient nicht nur zum Feiern, sondern auch als Konzertsaal.<\/p>\n<ul>\n<li>Eine faszinierende Soundanlage bringt die Clubg\u00e4ste in Rage. Durch die perfekte Akustik des Raums kommt jeder schnell in den richtigen Beat.<\/li>\n<li>Sie m\u00f6gen Rock &amp; Pop, die Hits aus den 80ern und Aktuelles? Dann passt das \u201eFZW\u201c perfekt zu Ihnen, denn jede Musikrichtung bekommt hier ihre Berechtigung.<\/li>\n<\/ul>\n<p>Adresse: Ritterstra\u00dfe 20, Telefon: 0231 286 80 801 0, www.fzw.de<\/p>\n<h3>K\u00f6stlichkeiten und Restaurants<\/h3>\n<p>Speisen wie die K\u00f6nige \u2013 entf\u00fchren Sie Ihre Begleiterin zu einem Mahl der Extraklasse in die besten Restaurants der Stadt!<\/p>\n<ol>\n<li><strong> La cuisine Mario Kalweit<\/strong><\/li>\n<\/ol>\n<p>Lassen Sie sich bereits von dem Ambiente der Villa begeistern! Der WDR-Koch Mario Kalweit l\u00e4dt Sie und Ihre reizende Begleitung ein, Wohlgen\u00fcsse auf dem Teller und im Glas zu erleben!<\/p>\n<ul>\n<li>Beste Produkte werden zu au\u00dfergew\u00f6hnlichen Kreationen gearbeitet. Diese k\u00f6nnen Sie entweder im stilvollen Flair des Restaurants genie\u00dfen oder an lauschigen Sommerabenden auf der Terrasse einnehmen.<\/li>\n<li>Ihnen wird eine reichhaltige Melange aus deutschen und franz\u00f6sischen Speisen serviert, die einen mediterranen Einschlag haben. Die hochwertige Auswahl wird Ihnen munden!<\/li>\n<li>Probieren Sie vor allem die Wurstkreationen aus eigener Herstellung und einen der Weine aus dem gro\u00dfen Lager.<\/li>\n<\/ul>\n<p>Preisniveau: zwischen 30 \u20ac und 106 \u20ac<\/p>\n<p>Adresse: L\u00fcbkestra\u00dfe 21, Telefon: 0231 531 61 98, www.mariokalweit.de<\/p>\n<ol start=\"2\">\n<li><strong> Palmgarden Fine Dining<\/strong><\/li>\n<\/ol>\n<p>Sie m\u00f6chten Ihre charmante Begleiterin in ein echtes Sternerestaurant ausf\u00fchren? Dann haben Sie mit dem \u201ePalmgarden Fine Dining\u201c genau die richtige Wahl getroffen.<\/p>\n<ul>\n<li>Sanftes Licht und warme Farben erwarten Sie, ebenso wie feinstes Porzellan und schimmerndes Silber. Zus\u00e4tzlich erhalten Sie einen wunderbaren Rundum-Ausblick \u00fcber das atemberaubende Ruhrtal.<\/li>\n<li>Das K\u00fcchenteam rund um den Sternekoch Michael Dyllong wird aus regionalen und saisonalen Produkten kulinarische Meisterwerke entwerfen, die ihresgleichen suchen.<\/li>\n<li>Ausgew\u00e4hlte junge Weine, edle Tropfen und kostbare Rarit\u00e4ten lagern im gro\u00dfen Weinkeller und warten darauf, von Ihnen probiert zu werden. Serviert werden diese von Christian Epp.<\/li>\n<\/ul>\n<p>Preisniveau: zwischen 16 \u20ac und 89 \u20ac<\/p>\n<p>Adresse: Hohensyburgstra\u00dfe 200, Telefon: 0231 77 40 700, www.palmgarden-restaurant.de<\/p>\n<ol start=\"3\">\n<li><strong> Der Lennhof<\/strong><\/li>\n<\/ol>\n<p>Kreative und frische K\u00fcche mit immer wechselnden Angeboten &#8211; das klingt genau nach Ihrem Stil? Dann kommen Sie in den \u201eLennhof\u201c und genie\u00dfen Sie ein \u201eDinner for two\u201c.<\/p>\n<ul>\n<li>Im \u201eLennhof\u201c erh\u00e4lt man zu 100 % regionale Speisen. So stammt der Lachs von der Firma Baum\u00fcller aus Wickede, der K\u00e4se kommt aus Fr\u00f6ndenberg und das Wild wird passenderweise von Stammg\u00e4sten \u00fcberbracht, die in der Nachbarschaft Jagdreviere besitzen.<\/li>\n<li>Etwas Besonderes f\u00fcr Sie beide ist die Sommer- wie Winterterrasse. Dort gibt es einen wundersch\u00f6nen Ausblick in die gr\u00fcne Hinterlandschaft des \u201eLennhofs\u201c. Durch die Allwettermarkise k\u00f6nnen Sie dort ganzj\u00e4hrig Ihre Speisen genie\u00dfen.<\/li>\n<\/ul>\n<p>Preisniveau: ab 10 \u20ac bis 70 \u20ac<\/p>\n<p>Adresse: Menglinghauser Stra\u00dfe 20, Telefon: 0231 7581 90, www.hotellennhof.de<\/p>\n<h3>Goldmember Escorts Dortmund \u2013 \u00fcbernachten wie ein Kaiser<\/h3>\n<p>Sie haben bei uns Ihre attraktive Begleitung f\u00fcr Dortmund gefunden und suchen nun ein stilvolles Hotel? Dann haben wir f\u00fcr Sie ein paar erstklassige Empfehlungen parat. Besonders beliebt bei den Damen ist beispielsweise das luxuri\u00f6se \u201el\u2019Arriv\u00e9e Hotel &amp; Spa\u201c, das viel Raum zur Entspannung bietet. Eine weitere renommierte Adresse und Empfehlung unseres First-Class Begleitservice Dortmund ist das Steigenberger, welches gleich gegen\u00fcber den Westfalenhallen ideal f\u00fcr alle Messebesucher liegt. Auch zum Stadion von Borussia Dortmund ist es von hier aus nur ein Katzensprung. Wie w\u00e4re es, nach einem spannungsgeladene Fu\u00dfballspiel den Abend hier ausklingen zu lassen?<\/p>\n<ol>\n<li><strong> Top Hotel Esplanade Dortmund<\/strong><\/li>\n<\/ol>\n<p>In dem \u201eTop Hotel Esplanade Dortmund\u201c k\u00f6nnen Sie sich mit Ihrer Begleitung erholen \u2013 daf\u00fcr sorgt nicht nur der gr\u00fcne Innenhof und die Esplanade, sondern auch der unschlagbare Service der Hotelangestellten.<\/p>\n<ul>\n<li>Die Zimmer der 4-Sterne-Unterkunft sind mit allem ausgestattet, was Sie sich w\u00fcnschen: Vom Safe \u00fcber eine immer gut gef\u00fcllte Minibar bis hin zu einem gro\u00dfen Fernsehprogramm mit Sky Movies und Sky Fu\u00dfball \u2013 lassen Sie es sich gutgehen!<\/li>\n<li>Das Hotel ist inhabergef\u00fchrt und deshalb sehr famili\u00e4r, aber dennoch seri\u00f6s und diskret. Es wird ein Zimmerservice sowie ein W\u00e4scheservice angeboten, die aktuelle Tageszeitung kann Ihnen ebenfalls bis an die Zimmert\u00fcr gebracht werden.<\/li>\n<li>Genie\u00dfen Sie zu zweit einige entspannende Stunden im hauseigenen SPA-Bereich mit Finnland-Sauna und einem Ruheraum, dessen Boden aus feinstem Quarzsand besteht. Wechselndes Licht und leichte Musik runden das perfekte Gesamtpaket ab.<\/li>\n<\/ul>\n<p>Preisniveau: ab 99 \u20ac<\/p>\n<p>Adresse: Burgwall 3, Telefon: 02315853-0, www.esplanade-dortmund.de<\/p>\n<ol start=\"2\">\n<li><strong> Mercure Hotel Dortmund-City<\/strong><\/li>\n<\/ol>\n<p>Das \u201eMercure Hotel\u201c in Dortmund liegt \u00e4u\u00dferst zentral, zwischen Hauptbahnhof und Konzerthaus. So k\u00f6nnen Sie mit Ihrer Lady die Stadt erkunden und anschlie\u00dfend in Ihr Hotelzimmer pausieren!<\/p>\n<ul>\n<li>Das 3-Sterne-Deluxe-Hotel bietet alles, was das Herz begehrt: Neben den gro\u00dfz\u00fcgigen Superior-Zimmern gibt es zus\u00e4tzlich Privileg-R\u00e4ume mit einem gro\u00dfen Doppelbett.<\/li>\n<li>An der ger\u00e4umigen Hotelbar, die wie das gesamte Geb\u00e4ude puren Luxus verspr\u00fcht, k\u00f6nnen Sie sich mit einem original Dortmunder Bier oder einem der Grands Vins Mercure auf einen gehaltvollen Abend einstimmen.<\/li>\n<\/ul>\n<p>Preisniveau: ab 69 \u20ac<\/p>\n<p>Adresse: Kampstra\u00dfe 35-37, Telefon: 0231 58 970, www.mercure.com\/Dortmund<\/p>\n<ol start=\"3\">\n<li><strong> Novum Business Hotel Unique Dortmund <\/strong><\/li>\n<\/ol>\n<p>Ein faszinierendes Foyer, eine au\u00dfergew\u00f6hnliche Casablanca Bar &amp; Lounge sowie ein elegantes Restaurant \u2013 genie\u00dfen Sie Ihre Freizeit mit Ihrer Escort Dame im \u201eNovum Business Hotel Unique Dortmund\u201c.<\/p>\n<ul>\n<li>Bevor Sie sich auf die luxuri\u00f6s eingerichteten Zimmer begeben, sollten Sie unbedingt in der Bar &amp; Lounge vorbeischauen. Umgeben von Seewasseraquarien, bietet man den G\u00e4sten hier eine gro\u00dfe Auswahl an Kaffee- und Teespezialit\u00e4ten an. Auch internationale Weine und Spirituosen gibt es in H\u00fclle und F\u00fclle.<\/li>\n<li>Hier, im 4-Sterne-Hotel, werden Sie von edlem Marmor \u00fcber einen Whirlpool in der Exklusiv-Kategorie bis hin harmonischem Ambiente mit Flachbildfernsehern, Schallschutzfenstern sowie Handtuchw\u00e4rmern etc. erwartet.<\/li>\n<\/ul>\n<p>Preisniveau: ab 163 \u20ac<\/p>\n<p>Adresse: Hoher Wall 38-40, Telefon: 0231 560 50 0, www.novum-hotels.de<\/p>\n","protected":false},"excerpt":{"rendered":"<p>Escort Dormund &#8211; High Class Escortagentur [sedcard-all-inkl-image] Ihr VIP Escort Service Dortmund Wir m\u00f6chten Sie herzlich willkommen hei\u00dfen bei Ihrer First-Class Begleitagentur in Dortmund. Gestalten Sie sich Ihren Aufenthalt im Zentrum des \u00f6stlichen Ruhrgebiets noch ein wenig spannender, indem Sie sich eine Escort Lady in Dortmund engagieren. Hier in unserem Portfolio finden Sie die h\u00fcbschesten [&hellip;]<\/p>\n","protected":false},"author":40,"featured_media":0,"parent":1883,"menu_order":0,"comment_status":"closed","ping_status":"open","template":"templates\/city.php","meta":{"_acf_changed":false,"footnotes":""},"class_list":["post-2578","page","type-page","status-publish","hentry"],"acf":[],"yoast_head":"<!-- This site is optimized with the Yoast SEO plugin v27.1.1 - https:\/\/yoast.com\/product\/yoast-seo-wordpress\/ -->\n<title>Escort Service in Dortmund - Goldmember Escorts<\/title>\n<meta name=\"description\" content=\"Escort Dortmund \u2713 Escort-und Begleitservice in Dortmund \u2713 Diskret \u2713 Haus + Hotelbesuche \u27a8 Jetzt ihr Callgirl bei Goldmember Escorts buchen!\" \/>\n<meta name=\"robots\" content=\"index, follow, max-snippet:-1, max-image-preview:large, max-video-preview:-1\" \/>\n<link rel=\"canonical\" href=\"https:\/\/www.goldmember-escorts.de\/en\/cities\/escorts-in-dortmund\/\" \/>\n<meta property=\"og:locale\" content=\"en_US\" \/>\n<meta property=\"og:type\" content=\"article\" \/>\n<meta property=\"og:title\" content=\"Escort Service in Dortmund - Goldmember Escorts\" \/>\n<meta property=\"og:description\" content=\"Escort Dortmund \u2713 Escort-und Begleitservice in Dortmund \u2713 Diskret \u2713 Haus + Hotelbesuche \u27a8 Jetzt ihr Callgirl bei Goldmember Escorts buchen!\" \/>\n<meta property=\"og:url\" content=\"https:\/\/www.goldmember-escorts.de\/en\/cities\/escorts-in-dortmund\/\" \/>\n<meta property=\"og:site_name\" content=\"Goldmember Escorts\" \/>\n<meta property=\"article:modified_time\" content=\"2025-02-07T09:30:47+00:00\" \/>\n<meta property=\"og:image\" content=\"https:\/\/www.goldmember-escorts.de\/wp-content\/uploads\/2014\/09\/1427728134-fb8f8944c0cb762f69c4d85d9f102b6f.jpg\" \/>\n\t<meta property=\"og:image:width\" content=\"640\" \/>\n\t<meta property=\"og:image:height\" content=\"426\" \/>\n\t<meta property=\"og:image:type\" content=\"image\/jpeg\" \/>\n<meta name=\"twitter:label1\" content=\"Est. reading time\" \/>\n\t<meta name=\"twitter:data1\" content=\"15 minutes\" \/>\n<script type=\"application\/ld+json\" class=\"yoast-schema-graph\">{\"@context\":\"https:\/\/schema.org\",\"@graph\":[{\"@type\":\"WebPage\",\"@id\":\"https:\/\/www.goldmember-escorts.de\/en\/cities\/escorts-in-dortmund\/\",\"url\":\"https:\/\/www.goldmember-escorts.de\/en\/cities\/escorts-in-dortmund\/\",\"name\":\"Escort Service in Dortmund - Goldmember Escorts\",\"isPartOf\":{\"@id\":\"https:\/\/www.goldmember-escorts.de\/en\/#website\"},\"primaryImageOfPage\":{\"@id\":\"https:\/\/www.goldmember-escorts.de\/en\/cities\/escorts-in-dortmund\/#primaryimage\"},\"image\":{\"@id\":\"https:\/\/www.goldmember-escorts.de\/en\/cities\/escorts-in-dortmund\/#primaryimage\"},\"thumbnailUrl\":\"https:\/\/www.goldmember-escorts.de\/wp-content\/uploads\/2014\/09\/1427728134-fb8f8944c0cb762f69c4d85d9f102b6f.jpg\",\"datePublished\":\"2014-09-10T14:49:59+00:00\",\"dateModified\":\"2025-02-07T09:30:47+00:00\",\"description\":\"Escort Dortmund \u2713 Escort-und Begleitservice in Dortmund \u2713 Diskret \u2713 Haus + Hotelbesuche \u27a8 Jetzt ihr Callgirl bei Goldmember Escorts buchen!\",\"breadcrumb\":{\"@id\":\"https:\/\/www.goldmember-escorts.de\/en\/cities\/escorts-in-dortmund\/#breadcrumb\"},\"inLanguage\":\"en-US\",\"potentialAction\":[{\"@type\":\"ReadAction\",\"target\":[\"https:\/\/www.goldmember-escorts.de\/en\/cities\/escorts-in-dortmund\/\"]}]},{\"@type\":\"ImageObject\",\"inLanguage\":\"en-US\",\"@id\":\"https:\/\/www.goldmember-escorts.de\/en\/cities\/escorts-in-dortmund\/#primaryimage\",\"url\":\"https:\/\/www.goldmember-escorts.de\/wp-content\/uploads\/2014\/09\/1427728134-fb8f8944c0cb762f69c4d85d9f102b6f.jpg\",\"contentUrl\":\"https:\/\/www.goldmember-escorts.de\/wp-content\/uploads\/2014\/09\/1427728134-fb8f8944c0cb762f69c4d85d9f102b6f.jpg\"},{\"@type\":\"BreadcrumbList\",\"@id\":\"https:\/\/www.goldmember-escorts.de\/en\/cities\/escorts-in-dortmund\/#breadcrumb\",\"itemListElement\":[{\"@type\":\"ListItem\",\"position\":1,\"name\":\"Cities\",\"item\":\"https:\/\/www.goldmember-escorts.de\/en\/cities\/\"},{\"@type\":\"ListItem\",\"position\":2,\"name\":\"Escorts in Dortmund\"}]},{\"@type\":\"WebSite\",\"@id\":\"https:\/\/www.goldmember-escorts.de\/en\/#website\",\"url\":\"https:\/\/www.goldmember-escorts.de\/en\/\",\"name\":\"Goldmember Escorts\",\"description\":\"\",\"potentialAction\":[{\"@type\":\"SearchAction\",\"target\":{\"@type\":\"EntryPoint\",\"urlTemplate\":\"https:\/\/www.goldmember-escorts.de\/en\/?s={search_term_string}\"},\"query-input\":{\"@type\":\"PropertyValueSpecification\",\"valueRequired\":true,\"valueName\":\"search_term_string\"}}],\"inLanguage\":\"en-US\"}]}<\/script>\n<!-- \/ Yoast SEO plugin. -->","yoast_head_json":{"title":"Escort Service in Dortmund - Goldmember Escorts","description":"Escort Dortmund \u2713 Escort-und Begleitservice in Dortmund \u2713 Diskret \u2713 Haus + Hotelbesuche \u27a8 Jetzt ihr Callgirl bei Goldmember Escorts buchen!","robots":{"index":"index","follow":"follow","max-snippet":"max-snippet:-1","max-image-preview":"max-image-preview:large","max-video-preview":"max-video-preview:-1"},"canonical":"https:\/\/www.goldmember-escorts.de\/en\/cities\/escorts-in-dortmund\/","og_locale":"en_US","og_type":"article","og_title":"Escort Service in Dortmund - Goldmember Escorts","og_description":"Escort Dortmund \u2713 Escort-und Begleitservice in Dortmund \u2713 Diskret \u2713 Haus + Hotelbesuche \u27a8 Jetzt ihr Callgirl bei Goldmember Escorts buchen!","og_url":"https:\/\/www.goldmember-escorts.de\/en\/cities\/escorts-in-dortmund\/","og_site_name":"Goldmember Escorts","article_modified_time":"2025-02-07T09:30:47+00:00","og_image":[{"width":640,"height":426,"url":"https:\/\/www.goldmember-escorts.de\/wp-content\/uploads\/2014\/09\/1427728134-fb8f8944c0cb762f69c4d85d9f102b6f.jpg","type":"image\/jpeg"}],"twitter_misc":{"Est. reading time":"15 minutes"},"schema":{"@context":"https:\/\/schema.org","@graph":[{"@type":"WebPage","@id":"https:\/\/www.goldmember-escorts.de\/en\/cities\/escorts-in-dortmund\/","url":"https:\/\/www.goldmember-escorts.de\/en\/cities\/escorts-in-dortmund\/","name":"Escort Service in Dortmund - Goldmember Escorts","isPartOf":{"@id":"https:\/\/www.goldmember-escorts.de\/en\/#website"},"primaryImageOfPage":{"@id":"https:\/\/www.goldmember-escorts.de\/en\/cities\/escorts-in-dortmund\/#primaryimage"},"image":{"@id":"https:\/\/www.goldmember-escorts.de\/en\/cities\/escorts-in-dortmund\/#primaryimage"},"thumbnailUrl":"https:\/\/www.goldmember-escorts.de\/wp-content\/uploads\/2014\/09\/1427728134-fb8f8944c0cb762f69c4d85d9f102b6f.jpg","datePublished":"2014-09-10T14:49:59+00:00","dateModified":"2025-02-07T09:30:47+00:00","description":"Escort Dortmund \u2713 Escort-und Begleitservice in Dortmund \u2713 Diskret \u2713 Haus + Hotelbesuche \u27a8 Jetzt ihr Callgirl bei Goldmember Escorts buchen!","breadcrumb":{"@id":"https:\/\/www.goldmember-escorts.de\/en\/cities\/escorts-in-dortmund\/#breadcrumb"},"inLanguage":"en-US","potentialAction":[{"@type":"ReadAction","target":["https:\/\/www.goldmember-escorts.de\/en\/cities\/escorts-in-dortmund\/"]}]},{"@type":"ImageObject","inLanguage":"en-US","@id":"https:\/\/www.goldmember-escorts.de\/en\/cities\/escorts-in-dortmund\/#primaryimage","url":"https:\/\/www.goldmember-escorts.de\/wp-content\/uploads\/2014\/09\/1427728134-fb8f8944c0cb762f69c4d85d9f102b6f.jpg","contentUrl":"https:\/\/www.goldmember-escorts.de\/wp-content\/uploads\/2014\/09\/1427728134-fb8f8944c0cb762f69c4d85d9f102b6f.jpg"},{"@type":"BreadcrumbList","@id":"https:\/\/www.goldmember-escorts.de\/en\/cities\/escorts-in-dortmund\/#breadcrumb","itemListElement":[{"@type":"ListItem","position":1,"name":"Cities","item":"https:\/\/www.goldmember-escorts.de\/en\/cities\/"},{"@type":"ListItem","position":2,"name":"Escorts in Dortmund"}]},{"@type":"WebSite","@id":"https:\/\/www.goldmember-escorts.de\/en\/#website","url":"https:\/\/www.goldmember-escorts.de\/en\/","name":"Goldmember Escorts","description":"","potentialAction":[{"@type":"SearchAction","target":{"@type":"EntryPoint","urlTemplate":"https:\/\/www.goldmember-escorts.de\/en\/?s={search_term_string}"},"query-input":{"@type":"PropertyValueSpecification","valueRequired":true,"valueName":"search_term_string"}}],"inLanguage":"en-US"}]}},"_links":{"self":[{"href":"https:\/\/www.goldmember-escorts.de\/en\/wp-json\/wp\/v2\/pages\/2578","targetHints":{"allow":["GET"]}}],"collection":[{"href":"https:\/\/www.goldmember-escorts.de\/en\/wp-json\/wp\/v2\/pages"}],"about":[{"href":"https:\/\/www.goldmember-escorts.de\/en\/wp-json\/wp\/v2\/types\/page"}],"author":[{"embeddable":true,"href":"https:\/\/www.goldmember-escorts.de\/en\/wp-json\/wp\/v2\/users\/40"}],"replies":[{"embeddable":true,"href":"https:\/\/www.goldmember-escorts.de\/en\/wp-json\/wp\/v2\/comments?post=2578"}],"version-history":[{"count":1,"href":"https:\/\/www.goldmember-escorts.de\/en\/wp-json\/wp\/v2\/pages\/2578\/revisions"}],"predecessor-version":[{"id":32319,"href":"https:\/\/www.goldmember-escorts.de\/en\/wp-json\/wp\/v2\/pages\/2578\/revisions\/32319"}],"up":[{"embeddable":true,"href":"https:\/\/www.goldmember-escorts.de\/en\/wp-json\/wp\/v2\/pages\/1883"}],"wp:attachment":[{"href":"https:\/\/www.goldmember-escorts.de\/en\/wp-json\/wp\/v2\/media?parent=2578"}],"curies":[{"name":"wp","href":"https:\/\/api.w.org\/{rel}","templated":true}]}}