{"id":2503,"date":"2014-09-09T15:51:16","date_gmt":"2014-09-09T13:51:16","guid":{"rendered":"https:\/\/www.goldmember-escorts.de\/?page_id=2503"},"modified":"2025-02-07T10:34:56","modified_gmt":"2025-02-07T09:34:56","slug":"escorts-in-duesseldorf","status":"publish","type":"page","link":"https:\/\/www.goldmember-escorts.de\/en\/cities\/escorts-in-duesseldorf\/","title":{"rendered":"Escorts in D\u00fcsseldorf"},"content":{"rendered":"<h1>Escort D\u00fcsseldorf &#8211; High Class Escortagentur<\/h1>\n<p>[sedcard-all-inkl-image]<\/p>\n<h3>Ihr First-Class Begleitservice in D\u00fcsseldorf<\/h3>\n<p><img loading=\"lazy\" decoding=\"async\" class=\"alignright size-full wp-image-2502\" src=\"https:\/\/www.goldmember-escorts.de\/wp-content\/uploads\/2014\/09\/Duesseldorf.jpg\" alt=\"Duesseldorf\" width=\"448\" height=\"296\" srcset=\"https:\/\/www.goldmember-escorts.de\/wp-content\/uploads\/2014\/09\/Duesseldorf.jpg 448w, https:\/\/www.goldmember-escorts.de\/wp-content\/uploads\/2014\/09\/Duesseldorf-300x198.jpg 300w, https:\/\/www.goldmember-escorts.de\/wp-content\/uploads\/2014\/09\/Duesseldorf-340x225.jpg 340w, https:\/\/www.goldmember-escorts.de\/wp-content\/uploads\/2014\/09\/Duesseldorf-215x142.jpg 215w, https:\/\/www.goldmember-escorts.de\/wp-content\/uploads\/2014\/09\/Duesseldorf-101x67.jpg 101w\" sizes=\"auto, (max-width: 448px) 100vw, 448px\" \/><\/p>\n<p>Ihre High Class Escort D\u00fcsseldorf Agentur sagt: herzlich willkommen in der mond\u00e4nen Landeshauptstadt Nordrhein-Westfalens! Hier sind Sie richtig, wenn Sie nicht nur alleine am Rhein entlang schlendern oder durch die Altstadt bummeln m\u00f6chten. G\u00f6nnen Sie sich doch mal eine attraktive Dame an Ihrer Seite. Unser Luxus Escortservice D\u00fcsseldorf ist genau der richtige Ansprechpartner f\u00fcr Sie, wenn Sie D\u00fcsseldorf einmal anders kennenlernen m\u00f6chten. Mit einer h\u00fcbschen und eloquenten Escort Lady an Ihrer Seite, die w\u00e4hrend des Abendessens im Nobelrestaurant eine ebenso gute Figur abgibt wie beim Messebesuch oder beim Flanieren auf der K\u00f6nigsallee? Dann schauen Sie sich hier in aller Ruhe um.<\/p>\n<h3>Escort Service D\u00fcsseldorf \u2013 die Spezialisten am Rhein<\/h3>\n<p>So wie bei einem guten Essen sollten Sie auch bei der Auswahl Ihrer Escort Lady in D\u00fcsseldorf auf Qualit\u00e4t setzen. Bei uns finden Sie im Handumdrehen eine attraktive Begleitung, mit der Ihre Zeit in der Stadt im Fluge verweht. Lassen Sie sich verzaubern von einem nat\u00fcrlichen L\u00e4cheln, Niveau und Esprit. Gemeinsam mit einer sexy Lady von unserer renommierten Escort Agentur D\u00fcsseldorf steht einem spannenden Ausflug nichts mehr im Wege. Sie k\u00f6nnen \u00fcber das Programm entscheiden, aber vielleicht m\u00f6chten Sie sich auch von der charmanten Begleiterin an Ihrer Seite \u00fcberraschen lassen.<\/p>\n<h3>Die sch\u00f6nsten Frauen als Begleitung in D\u00fcsseldorf<\/h3>\n<p>Nur die attraktivsten Frauen kommen f\u00fcr Sie als Begleitung in D\u00fcsseldorf in Frage? Bei Goldmember Escorts D\u00fcsseldorf pr\u00e4sentieren wir Ihnen eine Auswahl an bildh\u00fcbschen Damen, die sich nicht nur stilsicher auf jedem gesellschaftlichen Parkett bewegen, sondern die Ihre Neugier auch Spa\u00df und Unterhaltung verbinden. Die besten Voraussetzungen also f\u00fcr einen spannenden Tag in D\u00fcsseldorf. Von Kultur \u00fcber Business, Events oder kulinarische Abenteuer ist mit Ihrer Lady alles m\u00f6glich. Schlendern Sie mit Ihrer Escort Lady \u00fcber die \u201eK\u00f6\u201c und erkunden Sie die exklusiven Boutiquen der Modestadt D\u00fcsseldorf, ehe der Tag in exklusiven Bars noch lange nicht zu Ende geht.<\/p>\n<h3>VIP Begleitservice in der Modemetropole<\/h3>\n<p>Unsere First-Class Begleitagentur in D\u00fcsseldorf ist jederzeit f\u00fcr Sie da, wenn Sie nach einer exklusiven Escort Begleitung in dieser faszinierenden Stadt suchen. Mit einem attraktiven Model k\u00f6nnen Sie beispielsweise die angesagte Gastronomie im Medienhafen erkunden oder auch in einem der luxuri\u00f6sen Lokale auf der K\u00f6nigsallee einkehren, nachdem Sie gemeinsam mit der Dame die neuesten Kollektionen von Armani oder Prada begutachtet haben. Ob Sie eine blonde Dame, eine br\u00fcnette Lady, eine dunkelhaarige Sch\u00f6nheit oder eine rothaarige Begleitung bevorzugen \u2013 bei unserm Escort Service D\u00fcsseldorf finden Sie die perfekte Dame Ihrer Wahl.<\/p>\n<h3>Goldmember Escorts D\u00fcsseldorf \u2013 die exklusivsten Hotels der Stadt<\/h3>\n<p>Als First-Class Begleitservice D\u00fcsseldorf ist es f\u00fcr uns eine Selbstverst\u00e4ndlichkeit, dass wir Ihnen nicht nur bei der Auswahl der richtigen Lady helfen m\u00f6chten, sondern Ihnen auch ein paar Tipps in Sachen exklusive Unterk\u00fcnfte geben wollen. Laden Sie eine unserer Escort D\u00fcsseldorf Damen doch zum Beispiel in den Breidenbacher Hof ein. Eines der luxuri\u00f6sesten H\u00e4user Deutschlands bietet Ihnen den perfekten Rahmen, um eine unserer niveauvollen Damen kennenzulernen. Auch das Intercontinental sowie das Steigenberger Parkhotel sind erstklassige Adressen, um stilvoll abzusteigen. Z\u00f6gern Sie nicht, bei etwaigen Fragen Ihren VIP Escort Service D\u00fcsseldorf zu kontaktieren.<\/p>\n<ol>\n<li><strong> Intercontinental D\u00fcsseldorf<\/strong><\/li>\n<\/ol>\n<p>Ein Business- und Lifestyle Hotel mitten auf der weltber\u00fchmten K\u00f6nigsallee in D\u00fcsseldorf? Sie sollten unbedingt im \u201eIntercontinental\u201c einchecken!<\/p>\n<ul>\n<li>W\u00e4hlen Sie eines der insgesamt 287 edlen Zimmer und Suiten. Perfekte Ausstattung auf dem neuesten Stand der Technik wird auch Sie \u00fcberzeugen!<\/li>\n<li>Der 24-Stunden-Service des Hauses regelt alle Annehmlichkeiten f\u00fcr Sie beide, sodass Sie sich in Ruhe kennenlernen k\u00f6nnen.<\/li>\n<li>Auf mehr als 4.000 qm k\u00f6nnen Sie sich im \u201eHOLMES PLACE Health Club\u201c erholen. Ihre Lady kann sich im hauseignen Beauty Salon von Kopf bis Fu\u00df verw\u00f6hnen lassen.<\/li>\n<\/ul>\n<p>Preisniveau: zwischen 144 \u20ac und 295 \u20ac<\/p>\n<p>Adresse: K\u00f6nigsallee 59, Telefon: 0211 825 0, www.duesseldorf.intercontinental.com<\/p>\n<ol start=\"2\">\n<li><strong> Breidenbacher Hof<\/strong><\/li>\n<\/ol>\n<p>Der \u201eBreidenbacher Hof\u201c vereint alles, was Sie sich von einem Hotel der Extraklasse erwarten.<\/p>\n<ul>\n<li>Das Hotel kann auf eine zweihundertj\u00e4hrige Geschichte zur\u00fcckblicken. Seit dieser Zeit gilt es als Ikone der Spitzenhotellerie \u2013 im Service, der Ausstattung als auch f\u00fcr besondere Annehmlichkeiten.<\/li>\n<li>Feinste Speisen k\u00f6nnen in der Brasserie \u201e1806\u201c eingenommen werden. F\u00fcr Sie als Gast stehen kostenfrei iPads inklusive Internetzugang zur Verf\u00fcgung.<\/li>\n<li>Powern Sie sich im Fitnesscenter mit den neuesten Ger\u00e4ten aus, ziehen Sie Bahnen im Pool und lehnen Sie sich anschlie\u00dfend in den unterschiedlichen Saunas zur\u00fcck.<\/li>\n<\/ul>\n<p>Preisniveau: zwischen 201 \u20ac und 489 \u20ac<\/p>\n<p>Adresse: K\u00f6nigsallee 11, Telefon: 0211 160 90 90, www.capellahotels.com\/dusseldorf<\/p>\n<ol start=\"3\">\n<li><strong> Helvetia Suites<\/strong><\/li>\n<\/ol>\n<p>Checken Sie hochherrschaftlich ein \u2013 die \u201eHelvetia Suites\u201d erwarten Sie!<\/p>\n<ul>\n<li>In der Deluxe Kategorie werden Sie durch einen Full-Service rund um die Uhr betreut. Exklusives Design steht dabei im Fokus. Entspannende N\u00e4chte erleben Sie auf feinsten Daunen im Kingsize Bett.<\/li>\n<li>Zwei ger\u00e4umige Zimmer finden Sie in der Grand Suite. Dort \u00fcberzeugt klassisches Interieur auf hochwertiger Basis. In Ihrer eigenen K\u00fcche k\u00f6nnen Sie Ihrer Lady das Fr\u00fchst\u00fcck zubereiten. Abends dinieren Sie im gro\u00dfen Esszimmer.<\/li>\n<li>Die Superior Suite \u00fcberzeugt durch individuelles Design. Eine eigene K\u00fcche sowie ein gro\u00dfz\u00fcgiges Badezimmer erwarten Sie.<\/li>\n<\/ul>\n<p>Preisniveau: zwischen 127 \u20ac und 267 \u20ac<\/p>\n<p>Adresse: Herzogstra\u00dfe 50, Telefon: 0211 875 797 88, www.helvetia-suites.com<\/p>\n<h3>Restaurants in D\u00fcsseldorf<\/h3>\n<p>Die Begleitdame des Escort Service D\u00fcsseldorf kennt sich in der Stadt hervorragend aus und kann Ihnen wertvolle Insidertipps geben. Vielleicht wollen Sie sie aber auch \u00fcberraschen? Was gibt es Sch\u00f6neres als eine Einladung zum Candlelight-Dinner? Bei Kerzenschein reden, lachen und sich am\u00fcsieren. Dazu legen wir Ihnen eine Topadresse ans Herz: das Schiffchen. Seit elf Jahren wird es durchgehend mit drei Michelin-Sternen ausgezeichnet und zelebriert Kochkultur der Extraklasse. Vergessen Sie bei aller Aufregung nicht, in D\u00fcsseldorf ein hausgebrautes Altbier zu trinken! Ob in einer der gro\u00dfen Brauereien, im Biergarten, zwischen den jungen Designern in einem Kiez-Caf\u00e9 oder in der Bar, D\u00fcsseldorf bietet viele M\u00f6glichkeiten zum Auftanken. Und wer sich eine richtig entspannte Pause g\u00f6nnen m\u00f6chte, der setzt sich mit einer attraktiven Begleitung unseres Escortservice an das Sonnenufer des Rheins!<\/p>\n<ol>\n<li><strong> Victorian<\/strong><\/li>\n<\/ol>\n<p>Das mit einem Michelin Stern ausgezeichnete Restaurant \u201eVictorian\u201c bet\u00f6rt mit einer Mischung aus traditioneller Kochkunst und modernem Flair.<\/p>\n<ul>\n<li>Neben der regelm\u00e4\u00dfig wechselnden Speisekarte gibt es auch eine gro\u00dfe Weinauswahl. Beides ist immer passend aufeinander abgestimmt, zum Servieren bereit.<\/li>\n<li>Seit mehr als 30 Jahren \u00fcberzeugt auch das Bistro des \u201eVictorian\u201c. Die offene Showk\u00fcche l\u00e4sst Sie am fertigen der kleinen K\u00f6stlichkeiten teilhaben. Hier entstehen typisch regionale Gerichte wie Senfrostbraten aber auch innovative Speisen. 13 Punkte sind dem Gault Millau diese Kompositionen wert!<\/li>\n<\/ul>\n<p>Preisniveau: zwischen 40 \u20ac und 143 \u20ac<\/p>\n<p>Adresse: K\u00f6nigstra\u00dfe 3, Telefon: 0211 86 550 10, www.restaurant-victorian.de<\/p>\n<ol start=\"2\">\n<li><strong> Schorn<\/strong><\/li>\n<\/ol>\n<p>Ein Restaurant, das seit drei Generationen im Familienbesitz ist und sich seither immer weiterentwickeln konnte \u2013 das ist das \u201eSchorn\u201c.<\/p>\n<ul>\n<li>Stilvoll in Wei\u00df und Grau gehalten: Hier l\u00e4sst es sich wahrlich edel speisen. Im Sommer l\u00e4dt die Terrasse im Garten zum Innehalten ein.<\/li>\n<li>Der romantische Weinkeller kann ebenso angemietet werden: Ein ganz besonderes Erlebnis f\u00fcr Sie beide.<\/li>\n<li>Die K\u00fcche von Marcel Schiefer, der wie Anne Schorn Gesch\u00e4ftsf\u00fchrer ist, \u00fcberzeugt mit deutschen Gerichten auf h\u00f6chstem Niveau. Franz\u00f6sische Produkte werden immer wieder hinzugef\u00fcgt, sodass ein einmaliges Geschmackserlebnis vorprogrammiert scheint. Den Michelinstern tr\u00e4gt das \u201eSchorn\u201c zurecht!<\/li>\n<\/ul>\n<p>Preisniveau: zwischen 30 \u20ac und 85 \u20ac<\/p>\n<p>Adresse: Martinstra\u00dfe 46a, Telefon: 0211 398 19 71, www.restaurant-schorn.de<\/p>\n<ol start=\"3\">\n<li><strong> Nagaya<\/strong><\/li>\n<\/ol>\n<p>Ein inhabergef\u00fchrtes Restaurant mit langer Geschichte \u2013 das ist das \u201eNagaya\u201c in D\u00fcsseldorf.<\/p>\n<ul>\n<li>Yoshizumi Nagaya lernte sein Handwerk bei den Meisterk\u00f6chen der traditionellen japanischen K\u00fcche. Gemeinsam mit Frau und Tochter f\u00fchrt er nun das nach ihm benannte Restaurant. Das hei\u00dft jedoch nicht, dass er im Kochstil immer gleichgeblieben ist: weitere Stationen in seinem Lebenslauf waren Mailand oder auch Dortmund.<\/li>\n<li>Bereits nach einem Jahr nach Bestehen des \u201eNagaya\u201c wurde das Restaurant mit einem Michelinstern ausgezeichnet, der Gault Millau bedachte es mit zwei Hauben.<\/li>\n<li>Hier gibt es nicht nur bestes Sushi, das perfekt pr\u00e4sentiert und aufbereitet wird. Auch typisch europ\u00e4ische Zutaten werden verarbeitet (G\u00e4nsestopfleber, Rote-Bete-Krokant, Bavette) und mit widerum japanische Spezialit\u00e4ten verfeinert.<\/li>\n<\/ul>\n<p>Preisniveau: ab 128 \u20ac<\/p>\n<p>Adresse: Klosterstra\u00dfe 42, Telefon: 0211 86 396 36, www.nagaya.de<\/p>\n<h3>Nightlife in D\u00fcsseldorf<\/h3>\n<p>Feiern will gelernt sein \u2013 D\u00fcsseldorf wei\u00df in jedem Fall, wie es richtig geht!<\/p>\n<ol>\n<li><strong> Die Nachtresidenz<\/strong><\/li>\n<\/ol>\n<p>Der bereits architektonisch einzigartige Club \u201eNachtresidenz\u201c bietet ein exklusives Ambiente und Unterhaltung auf h\u00f6chstem Niveau.<\/p>\n<ul>\n<li>Werden Sie Teil der schrill-gepflegten Partyg\u00e4ste \u2013 was das bedeutet, wird klar, wenn man sich auf den Club einl\u00e4sst.<\/li>\n<li>Schon der Eingangsbereich mit breiter Front zur Stra\u00dfe hin \u00fcberzeugt durch edles Design. Der sogenannte Kuppelsaal, die Empore, ist das Herzst\u00fcck des Clubs. Besonders der breite Treppenaufgang und der separate Barbereich werden Sie optisch begeistern.<\/li>\n<li>Das Musikangebot ist extravagant und reicht von House bis hin zu R\u2019n\u2019B. Kenner werden sehr angetan sein.<\/li>\n<li>Ruhiges Unterhalten ist in der Kaminbar m\u00f6glich. Professionell zubereitete Drinks runden hier das perfekte Gesamtpaket ab.<\/li>\n<\/ul>\n<p>Adresse: Bahnstra\u00dfe 13, Telefon: 0211 136 57 55, www.nachtresidenz.de<\/p>\n<ol start=\"2\">\n<li><strong> Mauer<\/strong><\/li>\n<\/ol>\n<p>Ausgelassenes Feiern ist im Club \u201eMauer\u201c bestens m\u00f6glich.<\/p>\n<ul>\n<li>Der exklusive Houseclub ist zwar im ersten Moment eher unauff\u00e4llig, \u00fcberzeugt aber im Inneren durch das genaue Gegenteil: Ger\u00e4umige Kellergew\u00f6lbe treffen auf Bilder im Goldrahmen, ebensolche Tische und warmes Licht machen einen kultivierten, abwechslungsreichen Abend zu zweit perfekt.<\/li>\n<li>Tanzen zu Mainstream-Kl\u00e4ngen, Soul und Funk \u2013 kommen Sie in die \u201eMauer\u201c und erleben Sie beide Seiten des Feierns.<\/li>\n<li>Unterschiedliche DJs heizen dem Partyvolk geh\u00f6rig ein. DJ Andr\u00e9 oder DJ Andrew Reeves sind weit \u00fcber die Stadtgrenzen hinaus bekannt.<\/li>\n<\/ul>\n<p>Adresse: Ratinger Stra\u00dfe 25, Telefon: 0211 836 94 72, www.mauerclub.de<\/p>\n<ol start=\"3\">\n<li><strong> Rudas Studios<\/strong><\/li>\n<\/ol>\n<p>\u201eEin Ort, der Musik atmet. Erst als hochmodernes Film- und Tonstudio, heute als die Location f\u00fcr Live-Musik und Clubbing in Deutschland.\u201c \u2013 das ist die Selbstbeschreibung des \u201eRudas Studios\u201c in D\u00fcsseldorf und sagt bereits einiges aus:<\/p>\n<ul>\n<li>Die mehrfach ausgezeichnete Tonstudio-Akustik \u00fcberzeugt auf den insgesamt 900 qm. Dadurch erreichen die \u201eRudas Studios\u201c einen hohen Status der Exklusivit\u00e4t.<\/li>\n<li>Coole Veranstaltungsreihen wie \u201eCandy Shop\u201c, \u201eLollipop\u201c oder \u201eFresh Music Live\u201c heben den edlen wie hippen Club immer wieder von anderen Locations ab.<\/li>\n<\/ul>\n<p>Adresse: Kaistra\u00dfe 7-9, Telefon: 0211 695 56 990, www.rudas-studios.com<\/p>\n<h3>Goldmember Escorts in D\u00fcsseldorf<\/h3>\n<p>Arrangements innerhalb von D\u00fcsseldorf sind bei den hier aufgef\u00fchrten Damen und Models auch kurzfristig m\u00f6glich!<\/p>\n","protected":false},"excerpt":{"rendered":"<p>Escort D\u00fcsseldorf &#8211; High Class Escortagentur [sedcard-all-inkl-image] Ihr First-Class Begleitservice in D\u00fcsseldorf Ihre High Class Escort D\u00fcsseldorf Agentur sagt: herzlich willkommen in der mond\u00e4nen Landeshauptstadt Nordrhein-Westfalens! Hier sind Sie richtig, wenn Sie nicht nur alleine am Rhein entlang schlendern oder durch die Altstadt bummeln m\u00f6chten. G\u00f6nnen Sie sich doch mal eine attraktive Dame an Ihrer [&hellip;]<\/p>\n","protected":false},"author":40,"featured_media":0,"parent":1883,"menu_order":0,"comment_status":"closed","ping_status":"open","template":"templates\/city.php","meta":{"_acf_changed":false,"footnotes":""},"class_list":["post-2503","page","type-page","status-publish","hentry"],"acf":[],"yoast_head":"<!-- This site is optimized with the Yoast SEO plugin v27.1.1 - https:\/\/yoast.com\/product\/yoast-seo-wordpress\/ -->\n<title>Escort D\u00fcsseldorf - Escortservice - High Class Escort Agentur<\/title>\n<meta name=\"description\" content=\"Escort D\u00fcsseldorf \u2713 Escort-und Begleitservice in D\u00fcsseldorf \u2713 Diskret \u2713 Haus + Hotelbesuche \u27a8 Jetzt ihr Callgirl bei Goldmember Escorts buchen!\" \/>\n<meta name=\"robots\" content=\"index, follow, max-snippet:-1, max-image-preview:large, max-video-preview:-1\" \/>\n<link rel=\"canonical\" href=\"https:\/\/www.goldmember-escorts.de\/en\/cities\/escorts-in-duesseldorf\/\" \/>\n<meta property=\"og:locale\" content=\"en_US\" \/>\n<meta property=\"og:type\" content=\"article\" \/>\n<meta property=\"og:title\" content=\"Escort D\u00fcsseldorf - Escortservice - High Class Escort Agentur\" \/>\n<meta property=\"og:description\" content=\"Escort D\u00fcsseldorf \u2713 Escort-und Begleitservice in D\u00fcsseldorf \u2713 Diskret \u2713 Haus + Hotelbesuche \u27a8 Jetzt ihr Callgirl bei Goldmember Escorts buchen!\" \/>\n<meta property=\"og:url\" content=\"https:\/\/www.goldmember-escorts.de\/en\/cities\/escorts-in-duesseldorf\/\" \/>\n<meta property=\"og:site_name\" content=\"Goldmember Escorts\" \/>\n<meta property=\"article:modified_time\" content=\"2025-02-07T09:34:56+00:00\" \/>\n<meta property=\"og:image\" content=\"https:\/\/www.goldmember-escorts.de\/wp-content\/uploads\/2014\/09\/Duesseldorf.jpg\" \/>\n\t<meta property=\"og:image:width\" content=\"448\" \/>\n\t<meta property=\"og:image:height\" content=\"296\" \/>\n\t<meta property=\"og:image:type\" content=\"image\/jpeg\" \/>\n<meta name=\"twitter:label1\" content=\"Est. reading time\" \/>\n\t<meta name=\"twitter:data1\" content=\"15 minutes\" \/>\n<script type=\"application\/ld+json\" class=\"yoast-schema-graph\">{\"@context\":\"https:\/\/schema.org\",\"@graph\":[{\"@type\":\"WebPage\",\"@id\":\"https:\/\/www.goldmember-escorts.de\/en\/cities\/escorts-in-duesseldorf\/\",\"url\":\"https:\/\/www.goldmember-escorts.de\/en\/cities\/escorts-in-duesseldorf\/\",\"name\":\"Escort D\u00fcsseldorf - Escortservice - High Class Escort Agentur\",\"isPartOf\":{\"@id\":\"https:\/\/www.goldmember-escorts.de\/en\/#website\"},\"primaryImageOfPage\":{\"@id\":\"https:\/\/www.goldmember-escorts.de\/en\/cities\/escorts-in-duesseldorf\/#primaryimage\"},\"image\":{\"@id\":\"https:\/\/www.goldmember-escorts.de\/en\/cities\/escorts-in-duesseldorf\/#primaryimage\"},\"thumbnailUrl\":\"https:\/\/www.goldmember-escorts.de\/wp-content\/uploads\/2014\/09\/Duesseldorf.jpg\",\"datePublished\":\"2014-09-09T13:51:16+00:00\",\"dateModified\":\"2025-02-07T09:34:56+00:00\",\"description\":\"Escort D\u00fcsseldorf \u2713 Escort-und Begleitservice in D\u00fcsseldorf \u2713 Diskret \u2713 Haus + Hotelbesuche \u27a8 Jetzt ihr Callgirl bei Goldmember Escorts buchen!\",\"breadcrumb\":{\"@id\":\"https:\/\/www.goldmember-escorts.de\/en\/cities\/escorts-in-duesseldorf\/#breadcrumb\"},\"inLanguage\":\"en-US\",\"potentialAction\":[{\"@type\":\"ReadAction\",\"target\":[\"https:\/\/www.goldmember-escorts.de\/en\/cities\/escorts-in-duesseldorf\/\"]}]},{\"@type\":\"ImageObject\",\"inLanguage\":\"en-US\",\"@id\":\"https:\/\/www.goldmember-escorts.de\/en\/cities\/escorts-in-duesseldorf\/#primaryimage\",\"url\":\"https:\/\/www.goldmember-escorts.de\/wp-content\/uploads\/2014\/09\/Duesseldorf.jpg\",\"contentUrl\":\"https:\/\/www.goldmember-escorts.de\/wp-content\/uploads\/2014\/09\/Duesseldorf.jpg\"},{\"@type\":\"BreadcrumbList\",\"@id\":\"https:\/\/www.goldmember-escorts.de\/en\/cities\/escorts-in-duesseldorf\/#breadcrumb\",\"itemListElement\":[{\"@type\":\"ListItem\",\"position\":1,\"name\":\"Cities\",\"item\":\"https:\/\/www.goldmember-escorts.de\/en\/cities\/\"},{\"@type\":\"ListItem\",\"position\":2,\"name\":\"Escorts in D\u00fcsseldorf\"}]},{\"@type\":\"WebSite\",\"@id\":\"https:\/\/www.goldmember-escorts.de\/en\/#website\",\"url\":\"https:\/\/www.goldmember-escorts.de\/en\/\",\"name\":\"Goldmember Escorts\",\"description\":\"\",\"potentialAction\":[{\"@type\":\"SearchAction\",\"target\":{\"@type\":\"EntryPoint\",\"urlTemplate\":\"https:\/\/www.goldmember-escorts.de\/en\/?s={search_term_string}\"},\"query-input\":{\"@type\":\"PropertyValueSpecification\",\"valueRequired\":true,\"valueName\":\"search_term_string\"}}],\"inLanguage\":\"en-US\"}]}<\/script>\n<!-- \/ Yoast SEO plugin. -->","yoast_head_json":{"title":"Escort D\u00fcsseldorf - Escortservice - High Class Escort Agentur","description":"Escort D\u00fcsseldorf \u2713 Escort-und Begleitservice in D\u00fcsseldorf \u2713 Diskret \u2713 Haus + Hotelbesuche \u27a8 Jetzt ihr Callgirl bei Goldmember Escorts buchen!","robots":{"index":"index","follow":"follow","max-snippet":"max-snippet:-1","max-image-preview":"max-image-preview:large","max-video-preview":"max-video-preview:-1"},"canonical":"https:\/\/www.goldmember-escorts.de\/en\/cities\/escorts-in-duesseldorf\/","og_locale":"en_US","og_type":"article","og_title":"Escort D\u00fcsseldorf - Escortservice - High Class Escort Agentur","og_description":"Escort D\u00fcsseldorf \u2713 Escort-und Begleitservice in D\u00fcsseldorf \u2713 Diskret \u2713 Haus + Hotelbesuche \u27a8 Jetzt ihr Callgirl bei Goldmember Escorts buchen!","og_url":"https:\/\/www.goldmember-escorts.de\/en\/cities\/escorts-in-duesseldorf\/","og_site_name":"Goldmember Escorts","article_modified_time":"2025-02-07T09:34:56+00:00","og_image":[{"width":448,"height":296,"url":"https:\/\/www.goldmember-escorts.de\/wp-content\/uploads\/2014\/09\/Duesseldorf.jpg","type":"image\/jpeg"}],"twitter_misc":{"Est. reading time":"15 minutes"},"schema":{"@context":"https:\/\/schema.org","@graph":[{"@type":"WebPage","@id":"https:\/\/www.goldmember-escorts.de\/en\/cities\/escorts-in-duesseldorf\/","url":"https:\/\/www.goldmember-escorts.de\/en\/cities\/escorts-in-duesseldorf\/","name":"Escort D\u00fcsseldorf - Escortservice - High Class Escort Agentur","isPartOf":{"@id":"https:\/\/www.goldmember-escorts.de\/en\/#website"},"primaryImageOfPage":{"@id":"https:\/\/www.goldmember-escorts.de\/en\/cities\/escorts-in-duesseldorf\/#primaryimage"},"image":{"@id":"https:\/\/www.goldmember-escorts.de\/en\/cities\/escorts-in-duesseldorf\/#primaryimage"},"thumbnailUrl":"https:\/\/www.goldmember-escorts.de\/wp-content\/uploads\/2014\/09\/Duesseldorf.jpg","datePublished":"2014-09-09T13:51:16+00:00","dateModified":"2025-02-07T09:34:56+00:00","description":"Escort D\u00fcsseldorf \u2713 Escort-und Begleitservice in D\u00fcsseldorf \u2713 Diskret \u2713 Haus + Hotelbesuche \u27a8 Jetzt ihr Callgirl bei Goldmember Escorts buchen!","breadcrumb":{"@id":"https:\/\/www.goldmember-escorts.de\/en\/cities\/escorts-in-duesseldorf\/#breadcrumb"},"inLanguage":"en-US","potentialAction":[{"@type":"ReadAction","target":["https:\/\/www.goldmember-escorts.de\/en\/cities\/escorts-in-duesseldorf\/"]}]},{"@type":"ImageObject","inLanguage":"en-US","@id":"https:\/\/www.goldmember-escorts.de\/en\/cities\/escorts-in-duesseldorf\/#primaryimage","url":"https:\/\/www.goldmember-escorts.de\/wp-content\/uploads\/2014\/09\/Duesseldorf.jpg","contentUrl":"https:\/\/www.goldmember-escorts.de\/wp-content\/uploads\/2014\/09\/Duesseldorf.jpg"},{"@type":"BreadcrumbList","@id":"https:\/\/www.goldmember-escorts.de\/en\/cities\/escorts-in-duesseldorf\/#breadcrumb","itemListElement":[{"@type":"ListItem","position":1,"name":"Cities","item":"https:\/\/www.goldmember-escorts.de\/en\/cities\/"},{"@type":"ListItem","position":2,"name":"Escorts in D\u00fcsseldorf"}]},{"@type":"WebSite","@id":"https:\/\/www.goldmember-escorts.de\/en\/#website","url":"https:\/\/www.goldmember-escorts.de\/en\/","name":"Goldmember Escorts","description":"","potentialAction":[{"@type":"SearchAction","target":{"@type":"EntryPoint","urlTemplate":"https:\/\/www.goldmember-escorts.de\/en\/?s={search_term_string}"},"query-input":{"@type":"PropertyValueSpecification","valueRequired":true,"valueName":"search_term_string"}}],"inLanguage":"en-US"}]}},"_links":{"self":[{"href":"https:\/\/www.goldmember-escorts.de\/en\/wp-json\/wp\/v2\/pages\/2503","targetHints":{"allow":["GET"]}}],"collection":[{"href":"https:\/\/www.goldmember-escorts.de\/en\/wp-json\/wp\/v2\/pages"}],"about":[{"href":"https:\/\/www.goldmember-escorts.de\/en\/wp-json\/wp\/v2\/types\/page"}],"author":[{"embeddable":true,"href":"https:\/\/www.goldmember-escorts.de\/en\/wp-json\/wp\/v2\/users\/40"}],"replies":[{"embeddable":true,"href":"https:\/\/www.goldmember-escorts.de\/en\/wp-json\/wp\/v2\/comments?post=2503"}],"version-history":[{"count":1,"href":"https:\/\/www.goldmember-escorts.de\/en\/wp-json\/wp\/v2\/pages\/2503\/revisions"}],"predecessor-version":[{"id":32313,"href":"https:\/\/www.goldmember-escorts.de\/en\/wp-json\/wp\/v2\/pages\/2503\/revisions\/32313"}],"up":[{"embeddable":true,"href":"https:\/\/www.goldmember-escorts.de\/en\/wp-json\/wp\/v2\/pages\/1883"}],"wp:attachment":[{"href":"https:\/\/www.goldmember-escorts.de\/en\/wp-json\/wp\/v2\/media?parent=2503"}],"curies":[{"name":"wp","href":"https:\/\/api.w.org\/{rel}","templated":true}]}}