{"id":2386,"date":"2014-09-04T16:30:57","date_gmt":"2014-09-04T14:30:57","guid":{"rendered":"https:\/\/www.goldmember-escorts.de\/?page_id=2386"},"modified":"2025-02-07T10:29:10","modified_gmt":"2025-02-07T09:29:10","slug":"escorts-in-munich","status":"publish","type":"page","link":"https:\/\/www.goldmember-escorts.de\/en\/cities\/escorts-in-munich\/","title":{"rendered":"Escorts in Munich"},"content":{"rendered":"<h1>Escort M\u00fcnchen &#8211; High Class Escortagentur<\/h1>\n<p>[sedcard-all-inkl-image]<\/p>\n<h3>Ihre Escort Agentur in M\u00fcnchen<\/h3>\n<p><img loading=\"lazy\" decoding=\"async\" class=\"alignright wp-image-2301\" src=\"https:\/\/www.goldmember-escorts.de\/wp-content\/uploads\/2014\/09\/Olympiapark.jpg\" alt=\"Olympiapark\" width=\"416\" height=\"268\" \/><\/p>\n<p>Unser Luxus Escortservice M\u00fcnchen hei\u00dft Sie ganz herzlich willkommen! Sie m\u00f6chten gerne herausfinden, was die bayerische Landeshauptstadt au\u00dfer Hofbr\u00e4uhaus, Englischem Garten oder Marienplatz noch so alles zu bieten hat? Wenn Sie die Lust auf ein zwangloses und diskretes erotisches Abenteuer versp\u00fcren, dann sind unsere h\u00fcbschen Ladys genau das Richtige f\u00fcr Sie. Bei Goldmember Escorts M\u00fcnchen finden Sie unter Garantie ein Date, bei dem auch Ihre geheimsten Fantasien wahr werden k\u00f6nnen. Schauen Sie sich doch gleich mal hier auf unserer Seite um und buchen Sie dann ein Escort Girl M\u00fcnchen f\u00fcr prickelnde Stunden zusammen.<\/p>\n<h3>Die First-Class Begleitagentur in M\u00fcnchen<\/h3>\n<p>Ein gehobenes Niveau ist Ihnen bei der Auswahl einer Escort Lady in M\u00fcnchen ebenso wichtig wie eine herzliche Ausstrahlung und ein sexy Aussehen? Dann sind Sie bei unserem First-Class Begleitservice M\u00fcnchen exakt an der richtigen Adresse. Hier finden Sie die komplette Bandbreite an M\u00f6glichkeiten. Sie lieben k\u00fchle Blondinen, die mit ihren Reizen nicht geizen? Oder haben es Ihnen feurige Rothaarige, wilde Br\u00fcnette oder geheimnisvolle Dunkelhaarige besonders angetan? Ganz gleich, wie Ihr Frauengeschmack auch aussehen mag, unser VIP Escort M\u00fcnchen hat das Girl Ihrer Tr\u00e4ume bereits im Portfolio. Erf\u00fcllen Sie sich noch heute Ihre lange gehegten erotischen W\u00fcnsche. Ob Sie es dabei eher z\u00e4rtlich oder wild und leidenschaftlich m\u00f6gen, spielt dabei keinerlei Rolle.<\/p>\n<h3>Ihre perfekte Begleitung in M\u00fcnchen<\/h3>\n<p>Wie stellen Sie sich Ihre perfekte Begleitung in M\u00fcnchen vor? Vielleicht m\u00f6chten Sie die Dame ja zu einem gesch\u00e4ftlichen Termin mitnehmen. Oder gemeinsam mit Ihrem h\u00fcbschen VIP Escort Girl M\u00fcnchen erkunden. Ziehen Sie die bewundernden Blicke in der Fu\u00dfg\u00e4ngerzone oder in der Clubszene der Stadt auf sich, ob Sie sich nun f\u00fcr das legend\u00e4re P1 entscheiden oder zur Zeit der Wiesn mit einer <a href=\"https:\/\/www.goldmember-escorts.de\/ladies\/\">sexy Lady<\/a> \u00fcber das Oktoberfest schlendern m\u00f6chten. Sie wollen stattdessen einfach nur etwas Leidenschaft und Spa\u00df auf Ihrem Hotelzimmer erleben? Unser High Class Escort M\u00fcnchen garantiert Ihnen h\u00f6chste Diskretion und prickelnde Stunden, die Lust auf mehr machen.<\/p>\n<h3>Spannende Flirts und Erotik pur erleben &#8211; Mit dem Escort M\u00fcnchen<\/h3>\n<p>W\u00fcnschen Sie sich eine verruchte Gespielin, die es im Bett gerne wild und auch mal ein bisschen heftiger liebt? Oder tr\u00e4umen Sie von dem lieben M\u00e4dchen von nebenan, die sich im Laufe des Abends dann doch als versauter als gedacht entpuppt? Alles ist m\u00f6glich dank unserer Escort Agentur in M\u00fcnchen. Gerne kann es auch ein flotter Dreier sein, wenn Sie diese Spielart der Lust schon immer gereizt hat. M\u00f6glicherweise macht es Sie auch hei\u00df, wenn die Dame an Ihrer Seite als dominante Lady den Ton angibt oder sich als devote Sch\u00f6nheit ganz Ihren Vorlieben hingibt? Wir versprechen Ihnen auf alle F\u00e4lle ein ganz und gar unvergessliches Erlebnis.<\/p>\n<ol>\n<li><strong> Deutsche Museum<\/strong><\/li>\n<\/ol>\n<p>F\u00fcr Technik- und Kommunikationsfans ist das Deutsche Museum in M\u00fcnchen absolut zu empfehlen.<\/p>\n<ul style=\"float: none;\">\n<li>Beeindrucken Sie Ihre Lady bei einem Rundgang durch die naturwissenschaftlichen Exponate mit Ihrem Wissen.<\/li>\n<li>Gemeinsam in die Zukunft blicken: Auch neue Technologien werden im Deutschen Museum beleuchtet.<\/li>\n<\/ul>\n<p>Adresse: Museumsinsel 1, Telefon: 089 21 791,\u00a0www.deutsches-museum.de<\/p>\n<h3>Events in M\u00fcnchen<\/h3>\n<p>Egal ob Fr\u00fchling, Sommer, Herbst oder Winter: In der bayerischen Landeshauptstadt wird es nicht langweilig! Zahlreiche Veranstaltungen sorgen jedes Jahr f\u00fcr eine Menge Spa\u00df und Unterhaltung. Unter anderem kann man in M\u00fcnchen die \u201eHoliday on Ice\u201c-K\u00fcnstler und ihre getanzten Geschichten erleben, zur Faschingszeit mit den \u201eDamischen Rittern\u201c durch die Innenstadt ziehen, auf der \u201eLangen Nacht der Musik\u201c zu Live-Kl\u00e4ngen tr\u00e4umen und beim M\u00fcnchner Sommernachtstraum ein bezauberndes Feuerwerk erleben. Traditionsreich, aber immer offen f\u00fcr Neues pr\u00e4sentieren sich jedes Jahr die Opernfestspiele der Bayerischen Staatsoper. Und klar: Absolutes Highlight und Anziehungspunkt f\u00fcr Millionen von Besuchern ist das legend\u00e4re Oktoberfest auf der Theresienwiese. Sollten Sie dort etwa noch nicht gewesen sein, dann f\u00fchrt Ihre charmante Begleitung vom Escortservice M\u00fcnchen Sie gern in die Freuden und kleinen S\u00fcnden dieses rauschenden Festes ein!<\/p>\n<ol>\n<li><strong> Bayerische Staatsoper<\/strong><\/li>\n<\/ol>\n<p>Wohnen Sie bekannten Opernauff\u00fchrungen oder anmutige Ballett-Vorstellungen mit Darstellern auf dem h\u00f6chsten Niveau bei.<\/p>\n<ul>\n<li>Eines der renommiertesten Opernh\u00e4user der Welt wartet mit einer gro\u00dfartigen Geschichte auf und kann auf zahlreiche Urauff\u00fchrungen der besonderen Klasse zur\u00fcckblicken.<\/li>\n<\/ul>\n<p>Adresse: Max-Joseph-Platz 2, Telefon: 089 21 85 01, www.staatsoper.de<\/p>\n<ol start=\"2\">\n<li><strong> M\u00fcnchner Kammerspiele<\/strong><\/li>\n<\/ol>\n<p>Das Schauspielhaus ist eines der letzten verbliebenen Jugenstil-Theater in Deutschland. Es ist denkmalgesch\u00fctzt und deshalb bereits von au\u00dfen besonders ansprechend.<\/p>\n<ul>\n<li>Zahlreiche Premieren und unterschiedliche Projekte pr\u00e4gen das Wesen der M\u00fcnchner Kammerspiele. Sich auf Neues einlassen \u2013 hier ist der Beginn!<\/li>\n<\/ul>\n<p>Adresse: Maximilianstra\u00dfe 28, Telefon: 089 233 966 00, www.muenchner-kammerspiele.de<\/p>\n<h3>Goldmember Escorts M\u00fcnchen \u2013 die Top Hotels der Stadt<\/h3>\n<p>Egal ob Sie nun zum Shopping auf der Maximilianstra\u00dfe, zu einem Gesch\u00e4ftstermin oder zu einem Fu\u00dfballspiel des FC Bayern oder 1860 M\u00fcnchen in der Allianz-Arena in der Isarmetropole zu Gast sind, eine stilvolle Unterkunft ist selbstverst\u00e4ndlich Pflicht. Unser Escort Service M\u00fcnchen empfiehlt in diesem Zusammenhang beispielsweise das Le M\u00e9ridien oder den Bayerischen Hof. Auch das Sofitel M\u00fcnchen Bayerpost ist eine hervorragende Adresse. Etwas abseits des gesch\u00e4ftigen Trubels liegt das Designhotel Palace in Bogenhausen. Hier k\u00f6nnen Sie sich mit Ihrem Escort M\u00fcnchen Girl in einem einzigartigen und absolut diskreten Ambiente eine sch\u00f6ne Zeit g\u00f6nnen.<\/p>\n<ol>\n<li><strong> Arabella Sheraton Westpark Hotel<\/strong><\/li>\n<\/ol>\n<p>Im Herzen der Stadt, perfekt angebunden zu allen Sehensw\u00fcrdigkeiten der Metropole, liegt das Arabella Sheraton Westpark Hotel.<\/p>\n<ul>\n<li>Mit viel Stil und Klasse eingerichtet, k\u00f6nnen Sie zwischen dem Superior-, dem Executive- und dem Clubzimmer w\u00e4hlen. Diese sind optimal auf die Bed\u00fcrfnisse der G\u00e4ste abgestimmt und \u00fcberzeugen mit komfortablen Sweet Sleeper-Betten sowie einer Highspeed-Internetverbindung.<\/li>\n<li>In den drei unterschiedlichen Suite-Klassen l\u00e4sst es sich ebenfalls nobel aushalten. Die \u00e4u\u00dferst ger\u00e4umigen Zimmer werden Sie und Ihre Lady in jedem Fall beeindrucken.<\/li>\n<li>Einen ph\u00e4nomenalen Blick erh\u00e4lt man aus der Sheraton Club Lounge. Diese liegt im 10. Stock des Geb\u00e4udes und ist die richtige Location, um die Herzdame n\u00e4her kennenzulernen.<\/li>\n<li>In der Bar \u201eSweet &amp; Sour\u201c l\u00e4sst man sich den Cocktail in einer angenehm-gem\u00fctlichen Atmosph\u00e4re schmecken. Auf den gem\u00fctlichen Sitzgelegenheiten k\u00f6nnen Sie dann \u00fcber Gott und die Welt sprechen und die Vorlieben des jeweils anderen entdecken.<\/li>\n<li>Internationale Gerichte gepaart mit einem sch\u00f6nen Ausblick? Das erwartet die G\u00e4ste im \u201eSpeis &amp; Trank\u201c, das Restaurant des Sheraton Westpark Hotels.<\/li>\n<\/ul>\n<p>Preisniveau: \u00a0 ab 160 \u20ac<\/p>\n<p>Adresse: Garmischer Stra\u00dfe 2, Telefon: 089 51 96 0, www.sheratonwestpark.com<\/p>\n<ol start=\"3\">\n<li><strong> Hotel K\u00f6nigshof M\u00fcnchen<\/strong><\/li>\n<\/ol>\n<p>Das inhabergef\u00fchrte Haus wei\u00df, was G\u00e4ste wie Sie w\u00fcnschen: Hochwertige Ausstattung, einen individuellen Service und lust- sowie geschmackvolles Dekor.<\/p>\n<ul>\n<li>Sie werden mit einem Piano in der eleganten Lobby empfangen. Der Weg f\u00fchrt Sie weiter in die anschlie\u00dfende Hotelbar.<\/li>\n<li>Zur Entspannung lohnt sich mit Sicherheit ein Gang in die Wellnessoase des Hauses.<\/li>\n<li>Wenn man sich im Hotel K\u00f6nigshof eingemietet hat, sollte man seine Lady in das Gourmet Restaurant entf\u00fchren. Dieses tr\u00e4gt einen Michelin Stern und ganze 18 Punkte bei Gault Millau.<\/li>\n<li>In den Zimmern und Suiten werden Sie sich schnell n\u00e4herkommen und sich wie Prinz und Prinzessin f\u00fchlen, denn die Zimmer haben eine edle Einrichtung, die aber dennoch klassisch-modern wirkt.<\/li>\n<\/ul>\n<p>Preisniveau: \u00a0 ab 270 Euro<\/p>\n<p>Adresse:\u00a0 Karlsplatz 25, Telefon: 089 55 1 360, www.koenigshof-hotel.de<\/p>\n<h3>Restaurants in M\u00fcnchen<\/h3>\n<p>Die <a href=\"https:\/\/www.goldmember-escorts.de\/ladies\/\">Begleitdame<\/a> des Escort Service M\u00fcnchen kennt sich in der Stadt aus und kann Ihnen wertvolle Tipps geben. Vielleicht wollen Sie sie aber auch \u00fcberraschen? Was gibt es Sch\u00f6neres als eine Einladung zum Candlelight-Dinner? Bei Kerzenschein reden, lachen, flirten und sich n\u00e4herkommen. Dazu legen wir Ihnen eine weitere Top-Adresse der Stadt ans Herz: das Tantris. In unvergleichlicher Atmosph\u00e4re gr\u00f6\u00dfter Behaglichkeit genie\u00dfen Sie hier optimal zubereitete Spitzenprodukte serviert auf h\u00f6chstem Standard. Vielleicht inspiriert Sie das Tantris ja zu einer ganz eigenen Dessertkreation und zum kr\u00f6nenden Abschluss entschwinden Sie mit Ihrer Escort-Dame in die Vollkommenheit, die dem Genusstempel seinen Namen gab.<\/p>\n<ol>\n<li><strong> Tantris<\/strong><\/li>\n<\/ol>\n<p>Das Tantris gilt auch \u00fcber die Grenzen M\u00fcnchens hinaus als Tipp f\u00fcr das Besondere.<\/p>\n<ul>\n<li>Unterschiedliche Men\u00fcs laden zum Schlemmen ein. Dabei wird vor allem auf Saisonales und regionale K\u00f6stlichkeiten gesetzt.<\/li>\n<li>Eine feine Auswahl an Wein, passend abgestimmt auf die Speisen, wird Sie verzaubern. Der eigene Weinkeller umfasst dabei 35 000 Flaschen.<\/li>\n<\/ul>\n<p>Adresse: Johann-Fichte-Stra\u00dfe 7, Telefon: 089 361 959 -0,\u00a0 www.tantris.de<\/p>\n<ol start=\"2\">\n<li><strong> EssZimmer<\/strong><\/li>\n<\/ol>\n<p>Der Name ist Programm: In sch\u00f6nem, eleganten Ambiente lecker und vielversprechend essen. Wer gerne vor dem Kamin auf Lounge Chairs Platz nimmt und die heimelige Stimmung genie\u00dft, kommt am besten ins EssZimmer.<\/p>\n<ul>\n<li>Wenn Sie Meeresfr\u00fcchte lieben, sind die bekannten tiefroten Krustentiere im EssZimmer auf jeden Fall zu empfehlen. Dazu ein Wein aus Frankreich oder Deutschland und Sie werden dahinschmelzen.<\/li>\n<li>Unterschiedliche G\u00e4nge wie das US Prime Onglet auf Zucchini und Chimichurri sind Gesamtkunstwerke \u2013 zum Essen fast zu schade!<\/li>\n<\/ul>\n<p>Adresse: Am Olympiapark 1, Telefon: 089 35 899 180, www.esszimmer-muenchen.de<\/p>\n<h3>Nightlife in M\u00fcnchen<\/h3>\n<p>M\u00fcnchen ist f\u00fcr seine gro\u00dfe Partyszene mehr als bekannt. Wenn man gerne ausgeht und es sich mit seiner Begleitung gutgehen lassen will, bietet die Gro\u00dfstadt so einiges!<\/p>\n<ol>\n<li><strong> P1<\/strong><\/li>\n<\/ol>\n<p>Wer an das Nachtleben M\u00fcnchens denkt, kommt nicht umhin, sofort das legend\u00e4re P1 im Sinn zu haben. Zahlreiche Promis geben sich dort in langen Sausen die Klinke in die Hand.<\/p>\n<ul>\n<li>Die Nobeldiskothek wird in anderen St\u00e4dten oft kopiert \u2013 aber nie erreicht. Neben dem P1 Club gibt es auch die P1 Bar, die mit ansprechenden Speisen und Getr\u00e4nken aufwarten kann.<\/li>\n<li>Mit einem innovativem 3D-Soundsystem ausgestattet, sind lange Partyn\u00e4chte garantiert. Gemischtes Publikum, bunte Musik \u2013 aber immer auf h\u00f6chstem Niveau.<\/li>\n<\/ul>\n<p>Adresse: Prinzregentenstra\u00dfe 1, Telefon: 089 211 114 0, www.p1-club.de<\/p>\n<ol start=\"2\">\n<li><strong> Havana Club<\/strong><\/li>\n<\/ol>\n<p>Hei\u00dfe Salsa-Rhythmen in der bayerischen Stadt M\u00fcnchen erleben? Dann sind Sie und Ihre m\u00f6glicherweise rassige Begleitung im Havana Club genau richtig!<\/p>\n<ul>\n<li>Die Atmosph\u00e4re ist angenehm kubanisch \u2013 es werden ausgew\u00e4hlte Rumsorten gereicht, zudem mixt der Barkeeper spektakul\u00e4re Cocktails, die alle Geschmacksnerven ansprechen.<\/li>\n<li>Aromatische Zigarren d\u00fcrfen dabei nat\u00fcrlich nicht fehlen, ebenso wie die ansprechend karibische Kulisse.<\/li>\n<\/ul>\n<p>Adresse: Herrnstra\u00dfe 30, Telefon: 089 29 188 4, www.havanaclub-muenchen.de<\/p>\n<h3>Goldmember Escort M\u00fcnchen<\/h3>\n<p>Arrangements innerhalb von M\u00fcnchen sind bei den hier aufgef\u00fchrten Escorts auch kurzfristig m\u00f6glich.<\/p>\n<p><strong>Goldmember Escorts M\u00fcnchen<br \/>\nZeppelinstra\u00dfe 73<br \/>\n81669 M\u00fcnchen<br \/>\n<\/strong><\/p>\n<div class=\"brlbs-cmpnt-container brlbs-cmpnt-content-blocker brlbs-cmpnt-with-individual-styles\" data-borlabs-cookie-content-blocker-id=\"default\" data-borlabs-cookie-content=\"PGlmcmFtZSBzdHlsZT0iYm9yZGVyOiAwOyIgc3JjPSJodHRwczovL3d3dy5nb29nbGUuY29tL21hcHMvZW1iZWQ\/cGI9ITFtMTghMW0xMiExbTMhMWQyNjYyLjk3MzEzOTQwMzI3NiEyZDExLjU4NDA3OTQxNTY0ODc0NyEzZDQ4LjEzMDA0MTM3OTIyMjc3ITJtMyExZjAhMmYwITNmMCEzbTIhMWkxMDI0ITJpNzY4ITRmMTMuMSEzbTMhMW0yITFzMHg0NzlkZGY3Y2M2ZWRhZjQ5JTNBMHgyNDE2ZTQyZjlkOTJhNzY1ITJzWmVwcGVsaW5zdHJhJUMzJTlGZSs3MyUyQys4MTY2OStNJUMzJUJDbmNoZW4hNWUwITNtMiExc2RlITJzZGUhNHYxNDQ1MjY5ODQ5NDE2IiB3aWR0aD0iNDAwIiBoZWlnaHQ9IjM1MCIgZnJhbWVib3JkZXI9IjAiIGFsbG93ZnVsbHNjcmVlbj0iYWxsb3dmdWxsc2NyZWVuIj48L2lmcmFtZT4=\">\n<div class=\"brlbs-cmpnt-cb-preset-a\">\n<p class=\"brlbs-cmpnt-cb-description\">You are currently viewing a placeholder content from <strong>Default<\/strong>. To access the actual content, click the button below. Please note that doing so will share data with third-party providers.<\/p>\n<div class=\"brlbs-cmpnt-cb-buttons\"> <a class=\"brlbs-cmpnt-cb-btn\" href=\"#\" data-borlabs-cookie-unblock role=\"button\">Unblock content<\/a> <a class=\"brlbs-cmpnt-cb-btn\" href=\"#\" data-borlabs-cookie-accept-service role=\"button\" style=\"display: none\">Accept required service and unblock content<\/a> <\/div>\n<p> <a class=\"brlbs-cmpnt-cb-provider-toggle\" href=\"#\" data-borlabs-cookie-show-provider-information role=\"button\">More Information<\/a> <\/div>\n<\/div>\n<p>Telefon: 0175\/6767670<br \/>\nE-Mail: info@goldmember-escorts.de<\/p>\n","protected":false},"excerpt":{"rendered":"<p>Escort M\u00fcnchen &#8211; High Class Escortagentur [sedcard-all-inkl-image] Ihre Escort Agentur in M\u00fcnchen Unser Luxus Escortservice M\u00fcnchen hei\u00dft Sie ganz herzlich willkommen! Sie m\u00f6chten gerne herausfinden, was die bayerische Landeshauptstadt au\u00dfer Hofbr\u00e4uhaus, Englischem Garten oder Marienplatz noch so alles zu bieten hat? Wenn Sie die Lust auf ein zwangloses und diskretes erotisches Abenteuer versp\u00fcren, dann sind [&hellip;]<\/p>\n","protected":false},"author":40,"featured_media":0,"parent":1883,"menu_order":0,"comment_status":"closed","ping_status":"open","template":"templates\/city.php","meta":{"_acf_changed":false,"footnotes":""},"class_list":["post-2386","page","type-page","status-publish","hentry"],"acf":[],"yoast_head":"<!-- This site is optimized with the Yoast SEO plugin v27.1.1 - https:\/\/yoast.com\/product\/yoast-seo-wordpress\/ -->\n<title>Escort M\u00fcnchen - Escortservice- High Class Escort Agentur<\/title>\n<meta name=\"description\" content=\"Escort M\u00fcnchen \u2713 Escort-und Begleitservice in M\u00fcnchen \u2713 High Class \u2713 Diskret \u2713 Haus + Hotelbesuche \u27a8 Jetzt ihr Callgirl bei Goldmember Escorts buchen!\" \/>\n<meta name=\"robots\" content=\"index, follow, max-snippet:-1, max-image-preview:large, max-video-preview:-1\" \/>\n<link rel=\"canonical\" href=\"https:\/\/www.goldmember-escorts.de\/en\/cities\/escorts-in-munich\/\" \/>\n<meta property=\"og:locale\" content=\"en_US\" \/>\n<meta property=\"og:type\" content=\"article\" \/>\n<meta property=\"og:title\" content=\"Escort M\u00fcnchen - Escortservice- High Class Escort Agentur\" \/>\n<meta property=\"og:description\" content=\"Escort M\u00fcnchen \u2713 Escort-und Begleitservice in M\u00fcnchen \u2713 High Class \u2713 Diskret \u2713 Haus + Hotelbesuche \u27a8 Jetzt ihr Callgirl bei Goldmember Escorts buchen!\" \/>\n<meta property=\"og:url\" content=\"https:\/\/www.goldmember-escorts.de\/en\/cities\/escorts-in-munich\/\" \/>\n<meta property=\"og:site_name\" content=\"Goldmember Escorts\" \/>\n<meta property=\"article:modified_time\" content=\"2025-02-07T09:29:10+00:00\" \/>\n<meta property=\"og:image\" content=\"https:\/\/www.goldmember-escorts.de\/wp-content\/uploads\/2014\/09\/Olympiapark.jpg\" \/>\n\t<meta property=\"og:image:width\" content=\"448\" \/>\n\t<meta property=\"og:image:height\" content=\"298\" \/>\n\t<meta property=\"og:image:type\" content=\"image\/jpeg\" \/>\n<meta name=\"twitter:label1\" content=\"Est. reading time\" \/>\n\t<meta name=\"twitter:data1\" content=\"8 minutes\" \/>\n<script type=\"application\/ld+json\" class=\"yoast-schema-graph\">{\"@context\":\"https:\/\/schema.org\",\"@graph\":[{\"@type\":\"WebPage\",\"@id\":\"https:\/\/www.goldmember-escorts.de\/en\/cities\/escorts-in-munich\/\",\"url\":\"https:\/\/www.goldmember-escorts.de\/en\/cities\/escorts-in-munich\/\",\"name\":\"Escort M\u00fcnchen - Escortservice- High Class Escort Agentur\",\"isPartOf\":{\"@id\":\"https:\/\/www.goldmember-escorts.de\/en\/#website\"},\"primaryImageOfPage\":{\"@id\":\"https:\/\/www.goldmember-escorts.de\/en\/cities\/escorts-in-munich\/#primaryimage\"},\"image\":{\"@id\":\"https:\/\/www.goldmember-escorts.de\/en\/cities\/escorts-in-munich\/#primaryimage\"},\"thumbnailUrl\":\"https:\/\/www.goldmember-escorts.de\/wp-content\/uploads\/2014\/09\/Olympiapark.jpg\",\"datePublished\":\"2014-09-04T14:30:57+00:00\",\"dateModified\":\"2025-02-07T09:29:10+00:00\",\"description\":\"Escort M\u00fcnchen \u2713 Escort-und Begleitservice in M\u00fcnchen \u2713 High Class \u2713 Diskret \u2713 Haus + Hotelbesuche \u27a8 Jetzt ihr Callgirl bei Goldmember Escorts buchen!\",\"breadcrumb\":{\"@id\":\"https:\/\/www.goldmember-escorts.de\/en\/cities\/escorts-in-munich\/#breadcrumb\"},\"inLanguage\":\"en-US\",\"potentialAction\":[{\"@type\":\"ReadAction\",\"target\":[\"https:\/\/www.goldmember-escorts.de\/en\/cities\/escorts-in-munich\/\"]}]},{\"@type\":\"ImageObject\",\"inLanguage\":\"en-US\",\"@id\":\"https:\/\/www.goldmember-escorts.de\/en\/cities\/escorts-in-munich\/#primaryimage\",\"url\":\"https:\/\/www.goldmember-escorts.de\/wp-content\/uploads\/2014\/09\/Olympiapark.jpg\",\"contentUrl\":\"https:\/\/www.goldmember-escorts.de\/wp-content\/uploads\/2014\/09\/Olympiapark.jpg\"},{\"@type\":\"BreadcrumbList\",\"@id\":\"https:\/\/www.goldmember-escorts.de\/en\/cities\/escorts-in-munich\/#breadcrumb\",\"itemListElement\":[{\"@type\":\"ListItem\",\"position\":1,\"name\":\"Cities\",\"item\":\"https:\/\/www.goldmember-escorts.de\/en\/cities\/\"},{\"@type\":\"ListItem\",\"position\":2,\"name\":\"Escorts in Munich\"}]},{\"@type\":\"WebSite\",\"@id\":\"https:\/\/www.goldmember-escorts.de\/en\/#website\",\"url\":\"https:\/\/www.goldmember-escorts.de\/en\/\",\"name\":\"Goldmember Escorts\",\"description\":\"\",\"potentialAction\":[{\"@type\":\"SearchAction\",\"target\":{\"@type\":\"EntryPoint\",\"urlTemplate\":\"https:\/\/www.goldmember-escorts.de\/en\/?s={search_term_string}\"},\"query-input\":{\"@type\":\"PropertyValueSpecification\",\"valueRequired\":true,\"valueName\":\"search_term_string\"}}],\"inLanguage\":\"en-US\"}]}<\/script>\n<!-- \/ Yoast SEO plugin. -->","yoast_head_json":{"title":"Escort M\u00fcnchen - Escortservice- High Class Escort Agentur","description":"Escort M\u00fcnchen \u2713 Escort-und Begleitservice in M\u00fcnchen \u2713 High Class \u2713 Diskret \u2713 Haus + Hotelbesuche \u27a8 Jetzt ihr Callgirl bei Goldmember Escorts buchen!","robots":{"index":"index","follow":"follow","max-snippet":"max-snippet:-1","max-image-preview":"max-image-preview:large","max-video-preview":"max-video-preview:-1"},"canonical":"https:\/\/www.goldmember-escorts.de\/en\/cities\/escorts-in-munich\/","og_locale":"en_US","og_type":"article","og_title":"Escort M\u00fcnchen - Escortservice- High Class Escort Agentur","og_description":"Escort M\u00fcnchen \u2713 Escort-und Begleitservice in M\u00fcnchen \u2713 High Class \u2713 Diskret \u2713 Haus + Hotelbesuche \u27a8 Jetzt ihr Callgirl bei Goldmember Escorts buchen!","og_url":"https:\/\/www.goldmember-escorts.de\/en\/cities\/escorts-in-munich\/","og_site_name":"Goldmember Escorts","article_modified_time":"2025-02-07T09:29:10+00:00","og_image":[{"width":448,"height":298,"url":"https:\/\/www.goldmember-escorts.de\/wp-content\/uploads\/2014\/09\/Olympiapark.jpg","type":"image\/jpeg"}],"twitter_misc":{"Est. reading time":"8 minutes"},"schema":{"@context":"https:\/\/schema.org","@graph":[{"@type":"WebPage","@id":"https:\/\/www.goldmember-escorts.de\/en\/cities\/escorts-in-munich\/","url":"https:\/\/www.goldmember-escorts.de\/en\/cities\/escorts-in-munich\/","name":"Escort M\u00fcnchen - Escortservice- High Class Escort Agentur","isPartOf":{"@id":"https:\/\/www.goldmember-escorts.de\/en\/#website"},"primaryImageOfPage":{"@id":"https:\/\/www.goldmember-escorts.de\/en\/cities\/escorts-in-munich\/#primaryimage"},"image":{"@id":"https:\/\/www.goldmember-escorts.de\/en\/cities\/escorts-in-munich\/#primaryimage"},"thumbnailUrl":"https:\/\/www.goldmember-escorts.de\/wp-content\/uploads\/2014\/09\/Olympiapark.jpg","datePublished":"2014-09-04T14:30:57+00:00","dateModified":"2025-02-07T09:29:10+00:00","description":"Escort M\u00fcnchen \u2713 Escort-und Begleitservice in M\u00fcnchen \u2713 High Class \u2713 Diskret \u2713 Haus + Hotelbesuche \u27a8 Jetzt ihr Callgirl bei Goldmember Escorts buchen!","breadcrumb":{"@id":"https:\/\/www.goldmember-escorts.de\/en\/cities\/escorts-in-munich\/#breadcrumb"},"inLanguage":"en-US","potentialAction":[{"@type":"ReadAction","target":["https:\/\/www.goldmember-escorts.de\/en\/cities\/escorts-in-munich\/"]}]},{"@type":"ImageObject","inLanguage":"en-US","@id":"https:\/\/www.goldmember-escorts.de\/en\/cities\/escorts-in-munich\/#primaryimage","url":"https:\/\/www.goldmember-escorts.de\/wp-content\/uploads\/2014\/09\/Olympiapark.jpg","contentUrl":"https:\/\/www.goldmember-escorts.de\/wp-content\/uploads\/2014\/09\/Olympiapark.jpg"},{"@type":"BreadcrumbList","@id":"https:\/\/www.goldmember-escorts.de\/en\/cities\/escorts-in-munich\/#breadcrumb","itemListElement":[{"@type":"ListItem","position":1,"name":"Cities","item":"https:\/\/www.goldmember-escorts.de\/en\/cities\/"},{"@type":"ListItem","position":2,"name":"Escorts in Munich"}]},{"@type":"WebSite","@id":"https:\/\/www.goldmember-escorts.de\/en\/#website","url":"https:\/\/www.goldmember-escorts.de\/en\/","name":"Goldmember Escorts","description":"","potentialAction":[{"@type":"SearchAction","target":{"@type":"EntryPoint","urlTemplate":"https:\/\/www.goldmember-escorts.de\/en\/?s={search_term_string}"},"query-input":{"@type":"PropertyValueSpecification","valueRequired":true,"valueName":"search_term_string"}}],"inLanguage":"en-US"}]}},"_links":{"self":[{"href":"https:\/\/www.goldmember-escorts.de\/en\/wp-json\/wp\/v2\/pages\/2386","targetHints":{"allow":["GET"]}}],"collection":[{"href":"https:\/\/www.goldmember-escorts.de\/en\/wp-json\/wp\/v2\/pages"}],"about":[{"href":"https:\/\/www.goldmember-escorts.de\/en\/wp-json\/wp\/v2\/types\/page"}],"author":[{"embeddable":true,"href":"https:\/\/www.goldmember-escorts.de\/en\/wp-json\/wp\/v2\/users\/40"}],"replies":[{"embeddable":true,"href":"https:\/\/www.goldmember-escorts.de\/en\/wp-json\/wp\/v2\/comments?post=2386"}],"version-history":[{"count":1,"href":"https:\/\/www.goldmember-escorts.de\/en\/wp-json\/wp\/v2\/pages\/2386\/revisions"}],"predecessor-version":[{"id":32314,"href":"https:\/\/www.goldmember-escorts.de\/en\/wp-json\/wp\/v2\/pages\/2386\/revisions\/32314"}],"up":[{"embeddable":true,"href":"https:\/\/www.goldmember-escorts.de\/en\/wp-json\/wp\/v2\/pages\/1883"}],"wp:attachment":[{"href":"https:\/\/www.goldmember-escorts.de\/en\/wp-json\/wp\/v2\/media?parent=2386"}],"curies":[{"name":"wp","href":"https:\/\/api.w.org\/{rel}","templated":true}]}}