{"id":2289,"date":"2014-09-04T16:13:50","date_gmt":"2014-09-04T14:13:50","guid":{"rendered":"https:\/\/www.goldmember-escorts.de\/?page_id=2289"},"modified":"2025-02-07T10:28:09","modified_gmt":"2025-02-07T09:28:09","slug":"escorts-in-berlin","status":"publish","type":"page","link":"https:\/\/www.goldmember-escorts.de\/en\/cities\/escorts-in-berlin\/","title":{"rendered":"Escorts in Berlin"},"content":{"rendered":"<h1>Escort Berlin &#8211; High Class Escortagentur<\/h1>\n<p>[sedcard-all-inkl-image]<\/p>\n<h3>Die angesagteste Stadt und die aufregendsten Girls der Republik wollen entdeckt werden. Berlin, wir kommen!<\/h3>\n<p><img loading=\"lazy\" decoding=\"async\" class=\"alignright size-full wp-image-2280\" src=\"https:\/\/www.goldmember-escorts.de\/wp-content\/uploads\/2014\/09\/Berlin-Fernsehturm.jpg\" alt=\"Berlin-Fernsehturm\" width=\"298\" height=\"448\" srcset=\"https:\/\/www.goldmember-escorts.de\/wp-content\/uploads\/2014\/09\/Berlin-Fernsehturm.jpg 298w, https:\/\/www.goldmember-escorts.de\/wp-content\/uploads\/2014\/09\/Berlin-Fernsehturm-200x300.jpg 200w, https:\/\/www.goldmember-escorts.de\/wp-content\/uploads\/2014\/09\/Berlin-Fernsehturm-215x323.jpg 215w, https:\/\/www.goldmember-escorts.de\/wp-content\/uploads\/2014\/09\/Berlin-Fernsehturm-101x152.jpg 101w\" sizes=\"auto, (max-width: 298px) 100vw, 298px\" \/><\/p>\n<p>Herzlich willkommen bei Goldmember Escorts Berlin! Sie sind zu Gast in der Hauptstadt und haben Lust auf ein paar aufregende Stunden voller Spannung und neuer Entdeckungen? Ihre Suche nach einer Escort Agentur in Berlin hat Sie zu uns gef\u00fchrt und hier sind Sie goldrichtig, wenn Sie sich eine niveauvolle Lady w\u00fcnschen, bei der die Diskretion an oberster Stelle steht. Freuen Sie sich auf ein Escort Date, bei dem all Ihre W\u00fcnsche Wirklichkeit werden. Unsere h\u00fcbschen Girls freuen sich bereits auf Sie. Also sehen Sie sich am besten gleich bei uns um, mit welcher Dame Sie Berlin erobern wollen.<\/p>\n<h3>High Class Escort Berlin \u2013 f\u00fcr den anspruchsvollen Genie\u00dfer<\/h3>\n<p>Als First Class Begleitagentur in Berlin wissen wir ganz genau, was ein anspruchsvoller Genie\u00dfer wie Sie sich w\u00fcnscht. Uns ist es wichtig, dass Ihr Date zu einem einzigartigen Erlebnis wird. G\u00f6nnen Sie sich etwas und erf\u00fcllen Sie sich Ihre W\u00fcnsche. Ganz gleich ob nun Romantik mit einer Flasche Champagner genau Ihr Ding ist oder ob Sie das Tanzbein in den Berliner Clubs schwingen m\u00f6chten \u2013 Sie sind derjenige, der das Programm bestimmt. Selbstverst\u00e4ndlich findet sich auch die passende Escort Lady in Berlin f\u00fcr spannende Unternehmungen. Genauso k\u00f6nnen Sie sich aber sicher sein, dass die Damen unseres Escort Berlin bei gesellschaftlichen Anl\u00e4ssen stets eine eloquente und elegante Begleitung darstellen werden.<\/p>\n<h3>Mit Ihrem VIP Escort Girl Berlin erkunden<\/h3>\n<p>Die deutsche Bundeshauptstadt hat nicht nur jede Menge Sehensw\u00fcrdigkeiten zu bieten, sondern ist auch ein Hot Spot der internationalen Partyszene. Tauchen Sie gemeinsam mit Ihrem VIP Escort Girl Berlin tief ein in das pulsierende Nachtleben der Spreemetropole ein. Genie\u00dfen Sie das bunte Treiben an der Seite Ihrer charmanten Begleiterin. Ob ein romantischer Bummel am Spreeufer, ein feines Menu oder eine angesagte Cocktailbar, &#8211; mit Ihrer sch\u00f6nen Lady an der Seite wird sogar eine original Berliner Currywurst zum Spa\u00df.<\/p>\n<h3>Genau die richtige Begleitung in Berlin finden<\/h3>\n<p>Wenn es um die richtige Begleitung in Berlin geht, hat jeder seine ganz pers\u00f6nlichen Vorstellungen. Unser First-Class Begleitservice Berlin sorgt daf\u00fcr, dass Sie hinsichtlich Ihrer W\u00fcnsche keinerlei Abstriche machen m\u00fcssen. Egal ob Sie lieber eine dezente Sch\u00f6nheit an Ihrer Seite haben m\u00f6chten oder eine lebendige und experimentierfreudige Lady, treffen Sie Ihre Wahl aus unserem vielseitigen Portfolio. Ob Blond, Br\u00fcnett, Dunkelhaarig oder Rothaarig, alle bildh\u00fcbschen Damen unseres High Class Escort Berlin werden Ihren Berlinbesuch in ein einzigartiges Erlebnis verwandeln.<\/p>\n<h3>Goldmember Escorts Berlin \u2013 die besten Hotels der Hauptstadt<\/h3>\n<p>Damit ihr Date mit einem unserer Models auch wirklich rundum gelungen wird, m\u00f6chte unser VIP Escort Service Berlin Ihnen noch ein paar Tipps bez\u00fcglich luxuri\u00f6ser Unterk\u00fcnfte in der Hauptstadt geben. Wie w\u00e4re es zum Beispiel, im legend\u00e4ren Hotel Adlon Kempinski zu entspannen? Dieses Traditionshaus in der City steht f\u00fcr h\u00f6chste Eleganz und ist genau das richtige Parkett f\u00fcr einen glanzvollen Auftritt mit einer spannenden Lady. Alternativ dazu k\u00f6nnen Sie auch in einem der exklusiven Zimmer oder einer Suite des Hotel Estrel oder des Kempinski am Kurf\u00fcrstendamm logieren. Mit unserem Escort Service Berlin wird Ihr Hauptstadttrip zu einem Abenteuer der Extraklasse.<\/p>\n<h3>Events in Berlin<\/h3>\n<p>Einen Veranstaltungsh\u00f6hepunkt bildet jeden Winter die Berlinale mit Stars und Filmschaffenden sowie Fans aus aller Welt. Bewegen Sie sich an der Seite einer attraktiven Dame vom Escortservice auf internationalem Parkett und Sie ernten bewundernde Blicke der Anerkennung. Mit der richtigen Begleitung wird ein Event ohnehin zum Fest: Ob gefeierte Musicals oder Opernauff\u00fchrungen, Spektakel wie der Karneval der Kulturen oder Sportgro\u00dfereignisse wie der herbstliche Marathon \u2013 Berlin lockt das ganze Jahr \u00fcber mit au\u00dfergew\u00f6hnlichen Events der Spitzenklasse, die Spannung, Unterhaltung oder einfach einen riesigen Spa\u00df bieten.<\/p>\n<h3>Hotels in Berlin<\/h3>\n<p>Vom weltber\u00fchmten Spitzenhotel \u00fcber Designhotels der Extraklasse bis zum Hausboothotel in au\u00dfergew\u00f6hnlicher Lage direkt auf der Spree bietet Berlin Unterk\u00fcnfte f\u00fcr jeden Geschmack. Ein ganz besonderes Ambiente werden Sie im Hotel Adlon am Brandenburger Tor erleben. Charme verbindet sich in diesem legend\u00e4ren Haus mit Klasse, Stil und Diskretion. Hier genie\u00dfen Sie eine aufregende und unbeschwerte Zweisamkeit, in der Ihnen jegliche W\u00fcnsche erf\u00fcllt werden. Die charmanten Damen unseres Escortservice lieben dieses Hotel!<\/p>\n<ol>\n<li><strong> The Mandala Hotel<\/strong><\/li>\n<\/ol>\n<p>Sie und Ihre Lady sch\u00e4tzen modernes Design? Eine absolute Toplage ist wichtig? Dann sind Sie im \u201eThe Mandala Hotel\u201c genau richtig!<\/p>\n<ul>\n<li>Unterschiedlich gro\u00dfe Zimmer erwarten Sie \u2013 die Einrichtung ist jeweils klassisch hochwertig und mit exquisiten Details ausgestattet.<\/li>\n<li>Besonders exklusiv ist das Penthouse in der 11. Etage mit extra viel Platz (200 qm).<\/li>\n<li>F\u00fcr die besonderen Gaumengen\u00fcsse m\u00fcssen Sie das Luxushotel nicht verlassen \u2013 das hauseigene Gourment-Restaurant \u201eFacil\u201c bietet eine unkonventionelle K\u00fcche. Anschlie\u00dfend k\u00f6nnen Sie sich in der stylischen Lounge entspannen, ebenso wie im Spa-Bereich mit Rundblick \u00fcber Berlin.<\/li>\n<li>Direkt auf dem Potsdamer Platz gelegen, erreicht man vom Hotel aus alle wichtigen Sehensw\u00fcrdigkeiten in wenigen Minuten, z.B. das Brandenburger Tor.<\/li>\n<\/ul>\n<p>Preisniveau: zwischen 170 \u20ac und 3800 \u20ac (Penthouse)<\/p>\n<p>Adresse: Potsdamer Stra\u00dfe 3, Telefon: 030 590 05 05 00, www.themandala.de<\/p>\n<ol start=\"2\">\n<li><strong> Hilton Berlin<\/strong><\/li>\n<\/ol>\n<p>Mond\u00e4ner, gr\u00f6\u00dfer, sch\u00f6ner \u2013 das \u201eHilton Berlin\u201c liegt direkt am imposanten Gendarmenmarkt, nur wenige Gehminuten vom Prachtboulevard Friedrichstra\u00dfe entfernt. Lassen Sie sich mit Ihrer Escort-Dame vom Luxus dieses Nobelhotels verzaubern.<\/p>\n<ul>\n<li>Sie k\u00f6nnen aus f\u00fcnf unterschiedlichen Zimmer- und Suiten-Kategorien w\u00e4hlen und werden dabei mit Sicherheit schnell Ihre bevorzugte Unterkunft finden. Modern und gro\u00dfz\u00fcgig, das sind nur zwei Aspekte der wundersch\u00f6nen R\u00e4ume.<\/li>\n<li>Ebenso k\u00f6nnen Sie sich mit Ihrer Lady in f\u00fcnf Restaurants und einer Bar kulinarisch bestens versorgen lassen. Unterschiedliche Angebote, von regionalen Speisen \u00fcber internationale K\u00fcche inklusive Livemusik, lassen Genie\u00dferherzen h\u00f6her schlagen.<\/li>\n<li>Entspannung nach einer unterhaltsamen Nacht finden Sie beide sich am besten im \u201eHilton Health Club &amp; Spa\u201c. Auf ganzen 700 qm kann man gem\u00fctlich seine Bahnen ziehen oder eine der vielen unterschiedlichen Massagen (z.B. Lomi Lomi) ausprobieren.<\/li>\n<\/ul>\n<p>Preisniveau: zwischen 103 \u20ac und 305 \u20ac<\/p>\n<p>Adresse: Mohrenstra\u00dfe 30, Telefon: 030 202 300, www.placeshilton.com\/berlin<\/p>\n<ol start=\"3\">\n<li><strong> Adlon Kempinski<\/strong><\/li>\n<\/ol>\n<p>Der absolute Klassiker in Berlin in unbeschreiblicher Lage \u2013 direkt am Pariser Platz und damit in der Front Row, wenn es um den Blick auf das Brandenburger Tor geht. Eine wahre Legende unter den Berliner Hotels mit einer langen Geschichte: Nicht nur deshalb gehen hier die Stars aus aller Welt ein und aus! Seien Sie einer davon.<\/p>\n<ul>\n<li>Die Hotelzimmer sind mit gro\u00dfer Liebe eingerichtet. Detailreiche M\u00f6bel, perfekt aufeinander abgestimmt,\u00a0 gem\u00fctlich und ansprechend ausgew\u00e4hlt \u2013 ein reizvoller Ausflug in eine andere Welt.<\/li>\n<li>F\u00fcr Feinschmecker gilt: Unbedingt eines der drei Restaurants ausprobieren! Diese sind unter anderem mit Michelin-Sternen ausgezeichnet, auch die K\u00f6che selbst sind keine Unbekannten (z.B. Tim Raue).<\/li>\n<li>In f\u00fcnf individuell gestalteten Spa-Suiten k\u00f6nnen Sie gemeinsam entspannen und einen herrlichen R\u00fcckzugsort finden. Ihre Lady wird sich besonders \u00fcber eine Beauty-Behandlung eines professionellen Stylisten aus dem hauseigenen Hair Salon freuen!<\/li>\n<\/ul>\n<p>Preisniveau: zwischen 173 \u20ac und 542 \u20ac<\/p>\n<p>Adresse: Unter den Linden 77, 030 226 10, www.kempinski.com\/de\/berlin\/hotel-adlon\/welcome<\/p>\n<h3>Restaurants in Berlin<\/h3>\n<p>Wie k\u00f6nnte es anders sein: In der Hauptstadt haben sich die besten K\u00f6che der Republik versammelt. Vielleicht laden Sie Ihre Lady vom Escort Service zu Sarah Wiener ein? Was gibt es Sch\u00f6neres als ein Candlelight-Dinner! Bei Kerzenschein reden, lachen, sich nieveauvoll unterhalten und dabei kulinarisch verf\u00fchrt werden.<\/p>\n<ol>\n<li><strong> Tim Raue<\/strong><\/li>\n<\/ol>\n<p>In Kreuzberg finden Sie das nach dem Koch benannte Sternerestaurant \u201eTim Raue\u201c.<\/p>\n<ul>\n<li>Hierbei setzt der Chef ausschlie\u00dflich auf japanische und thail\u00e4ndische Kreationen, die komplett auf Kohlenhydrate wie Brot oder Nudeln verzichten: Ein absolutes Muss f\u00fcr Fans der asiatischen K\u00fcche.<\/li>\n<li>Auch die Einrichtung wird Sie in Ihren Bann ziehen, denn urbanes Streetflair trifft auf exklusiv-hochwertige Eleganz. Die perfekte Umgebung f\u00fcr einen unterhaltsamen Abend!<\/li>\n<li>Lassen Sie sich nicht nur von den Speisen des mehrfach pr\u00e4mierten Kochs begeistern, sondern auch von der gro\u00dfen Weinkarte. Diese enth\u00e4lt edle Tropfen, die optimal auf die Gerichte abgestimmt sind.<\/li>\n<\/ul>\n<p>Preisniveau: zwischen 38 \u20ac und 118 \u20ac<\/p>\n<p>Adresse: Rudi-Dutschke-Stra\u00dfe 26, Telefon: 030 259 37 930, www.tim-raue.com<\/p>\n<ol start=\"2\">\n<li><strong> Restaurant et Brasserie Entrec\u00f4te<\/strong><\/li>\n<\/ol>\n<p>Franz\u00f6sische K\u00fcche im Berliner Stil \u2013 Sie werden absolut fasziniert sein!<\/p>\n<ul>\n<li>Direkt am ehemaligen Grenz\u00fcbergang \u201eCheckpoint Charlie\u201c gelegen, bietet das \u201eEntrec\u00f4te\u201c, alles, was anspruchsvolle Gourmets lieben: Weinbergschnecken, fein abgeschmeckte Suppen der Saison, perfekt und raffiniert arrangierte Salate mit jeweils ausgew\u00e4hlten Tropfen serviert \u2013 Herz, was willst du mehr?<\/li>\n<li>Schwelgen Sie mit Ihrer Escort Dame ganz im Pariser Flair: Das Baguette wird per Hand geschnitten, es gibt eine Tischordnung und eine reduzierte und deshalb eine in die h\u00f6chsten Tr\u00e4ume versetzende Wanddekoration: La France, c\u2019est ici!<\/li>\n<\/ul>\n<p>Preisniveau: zwischen 19 \u20ac und 61 \u20ac<\/p>\n<p>Adresse: Sch\u00fctzenstra\u00dfe 5, 030 20 165 496, www.entrecote.de<\/p>\n<ol start=\"3\">\n<li><strong> Volt<\/strong><\/li>\n<\/ol>\n<p>Sie suchen zwar altbew\u00e4hrte Hausmannskost, m\u00f6chten diese aber neu interpretiert wissen? Dann sind Sie im \u201eVolt\u201c genau richtig!<\/p>\n<ul>\n<li>Der K\u00fcchenchef Matthias Glei\u00df wurde als Aufsteiger des Jahres 2011 ausgezeichnet. Zurecht: Traditionsgerichte wie Ente oder Lamm werden durch ausgesuchte Saucen und perfekte Beilagen zu etwas Besonderem gemacht.<\/li>\n<li>Erwecken Sie durch die servierten Speisen Ihre beider Kindheitserfahrungen zum Leben \u2013 ein guter Anfangspunkt f\u00fcr einen lebendigen Abend!<\/li>\n<li>Sie sitzen in einem ehemaligen Umspannwerk, welches im Jahr 1928 erbaut wurde. Mit Raffinesse und gutem Gesp\u00fcr ist das Interieur auf diese Grundmauern abgestimmt. Ein anregendes Ambiente f\u00fcr ein am\u00fcsantes Gespr\u00e4ch.<\/li>\n<\/ul>\n<p>Preisniveau: zwischen 11 \u20ac und 52 \u20ac<\/p>\n<p>Adresse: Paul-Lincke-Ufer 21, Telefon: 030 33 840 23 20, www.restaurant-volt.de<\/p>\n<h3>Nightlife in Berlin<\/h3>\n<p>Berlin ist f\u00fcr seine reichhaltige Partyszene bekannt, die jeden Geschmack trifft \u2013 schicke Nobeldiskos treffen auf bodenst\u00e4ndige Clubs. Machen Sie die Nacht zum Tag!<\/p>\n<ol>\n<li><strong> The Pearl<\/strong><\/li>\n<\/ol>\n<p>Das \u201eThe Pearl\u201c besticht nicht nur durch seine au\u00dfergew\u00f6hnliche Lage direkt am ber\u00fchmten Kurf\u00fcrstendamm, sondern ist auch im Inneren etwas ganz Besonderes.<\/p>\n<ul>\n<li>Es gibt einen 10 Meter hohen Wasserfall im Bereich der Lounge, der spektakul\u00e4res Flair in den Club bringt. Zudem sorgen eine kraftvolle Soundanlage und ein LED Dancefloor f\u00fcr die perfekte Partyatmosph\u00e4re mit Stil.<\/li>\n<li>Wenn Sie sich nach dem Tanzen mit Ihrer Lady gerne etwas st\u00e4rken m\u00f6chten, k\u00f6nnen Sie das neben Champagner und exquisiten Cocktails auch immer donnerstags zu den sogenannten After Work Partys. Dort werden kleine H\u00e4ppchen und Finger Food gereicht.<\/li>\n<li>Durch die Exklusivit\u00e4t des Clubs ist es keine Seltenheit, auch den einen oder anderen Star zu treffen. Begeistern Sie damit auch Ihre Escort Dame!<\/li>\n<\/ul>\n<p>Adresse: Fasanenstra\u00dfe 81, Telefon: 030 315 18 890, www.thepearl-berlin.de<\/p>\n<ol start=\"2\">\n<li><strong> Tausend<\/strong><\/li>\n<\/ol>\n<p>Unscheinbar von au\u00dfen, deshalb besonders attraktiv im Inneren: Das \u201eTausend\u201c liegt gut versteckt hinter einer massiven Eingangst\u00fcr \u2013 im ersten Moment sieht man nur die Hausnummer 11 und eine Klingel. Bet\u00e4tigt man diese, tritt man in das Reich von \u201eTausend\u201c (und einer Nacht).<\/p>\n<ul style=\"float: none;\">\n<li>Livemusik, preisgekr\u00f6ntes Interieur, beste Drinks und ein Restaurant \u2013 hier lernt man exklusives Feiern.<\/li>\n<li>Zahlreiche Stars wie Leonardo di Caprio gingen hier bereits ein und aus.<\/li>\n<\/ul>\n<p>Adresse: Schiffbauerdamm 11, Telefon: 030 27 582 070, www.tausendberlin.com<\/p>\n<ol start=\"3\">\n<li><strong> 40 Seconds<\/strong><\/li>\n<\/ol>\n<p>Eine besondere Location ist auch das \u201e40 Seconds\u201c. \u00dcber den D\u00e4chern von Berlin geht die Party f\u00fcr Sie in einem Penthouse ab!<\/p>\n<ul>\n<li>Auch hier begegnet man immer wieder Gr\u00f6\u00dfen der deutschen und internationalen Filmszene, so begehrt ist ein Blick auf die Stadt.<\/li>\n<li>Mit einem Aufzug wird man in genau 40 Sekunden in die Location gebracht. Auf drei Dachterrassen kann man den Rundum-Blick perfekt genie\u00dfen!<\/li>\n<\/ul>\n<p>Adresse: Potsdamer Stra\u00dfe 58, Telefon: 030 89 064 241, www.40seconds.de<\/p>\n<h3>Goldmember Escorts in Berlin<\/h3>\n<p>Arrangements innerhalb von Berlin sind bei den hier aufgef\u00fchrten Escorts auch kurzfristig m\u00f6glich.<\/p>\n","protected":false},"excerpt":{"rendered":"<p>Escort Berlin &#8211; High Class Escortagentur [sedcard-all-inkl-image] Die angesagteste Stadt und die aufregendsten Girls der Republik wollen entdeckt werden. Berlin, wir kommen! Herzlich willkommen bei Goldmember Escorts Berlin! Sie sind zu Gast in der Hauptstadt und haben Lust auf ein paar aufregende Stunden voller Spannung und neuer Entdeckungen? Ihre Suche nach einer Escort Agentur in [&hellip;]<\/p>\n","protected":false},"author":40,"featured_media":0,"parent":1883,"menu_order":0,"comment_status":"closed","ping_status":"open","template":"templates\/city.php","meta":{"_acf_changed":false,"footnotes":""},"class_list":["post-2289","page","type-page","status-publish","hentry"],"acf":[],"yoast_head":"<!-- This site is optimized with the Yoast SEO plugin v27.1.1 - https:\/\/yoast.com\/product\/yoast-seo-wordpress\/ -->\n<title>Escort Service in Berlin - Goldmember Escorts<\/title>\n<meta name=\"description\" content=\"Escort Berlin \u2713 Escort-und Begleitservice in Berlin \u2713 Diskret \u2713 Haus + Hotelbesuche \u27a8 Jetzt ihr Callgirl bei Goldmember Escorts buchen!\" \/>\n<meta name=\"robots\" content=\"index, follow, max-snippet:-1, max-image-preview:large, max-video-preview:-1\" \/>\n<link rel=\"canonical\" href=\"https:\/\/www.goldmember-escorts.de\/en\/cities\/escorts-in-berlin\/\" \/>\n<meta property=\"og:locale\" content=\"en_US\" \/>\n<meta property=\"og:type\" content=\"article\" \/>\n<meta property=\"og:title\" content=\"Escort Service in Berlin - Goldmember Escorts\" \/>\n<meta property=\"og:description\" content=\"Escort Berlin \u2713 Escort-und Begleitservice in Berlin \u2713 Diskret \u2713 Haus + Hotelbesuche \u27a8 Jetzt ihr Callgirl bei Goldmember Escorts buchen!\" \/>\n<meta property=\"og:url\" content=\"https:\/\/www.goldmember-escorts.de\/en\/cities\/escorts-in-berlin\/\" \/>\n<meta property=\"og:site_name\" content=\"Goldmember Escorts\" \/>\n<meta property=\"article:modified_time\" content=\"2025-02-07T09:28:09+00:00\" \/>\n<meta property=\"og:image\" content=\"https:\/\/www.goldmember-escorts.de\/wp-content\/uploads\/2014\/09\/Berlin-Fernsehturm.jpg\" \/>\n\t<meta property=\"og:image:width\" content=\"298\" \/>\n\t<meta property=\"og:image:height\" content=\"448\" \/>\n\t<meta property=\"og:image:type\" content=\"image\/jpeg\" \/>\n<meta name=\"twitter:label1\" content=\"Est. reading time\" \/>\n\t<meta name=\"twitter:data1\" content=\"17 minutes\" \/>\n<script type=\"application\/ld+json\" class=\"yoast-schema-graph\">{\"@context\":\"https:\/\/schema.org\",\"@graph\":[{\"@type\":\"WebPage\",\"@id\":\"https:\/\/www.goldmember-escorts.de\/en\/cities\/escorts-in-berlin\/\",\"url\":\"https:\/\/www.goldmember-escorts.de\/en\/cities\/escorts-in-berlin\/\",\"name\":\"Escort Service in Berlin - Goldmember Escorts\",\"isPartOf\":{\"@id\":\"https:\/\/www.goldmember-escorts.de\/en\/#website\"},\"primaryImageOfPage\":{\"@id\":\"https:\/\/www.goldmember-escorts.de\/en\/cities\/escorts-in-berlin\/#primaryimage\"},\"image\":{\"@id\":\"https:\/\/www.goldmember-escorts.de\/en\/cities\/escorts-in-berlin\/#primaryimage\"},\"thumbnailUrl\":\"https:\/\/www.goldmember-escorts.de\/wp-content\/uploads\/2014\/09\/Berlin-Fernsehturm.jpg\",\"datePublished\":\"2014-09-04T14:13:50+00:00\",\"dateModified\":\"2025-02-07T09:28:09+00:00\",\"description\":\"Escort Berlin \u2713 Escort-und Begleitservice in Berlin \u2713 Diskret \u2713 Haus + Hotelbesuche \u27a8 Jetzt ihr Callgirl bei Goldmember Escorts buchen!\",\"breadcrumb\":{\"@id\":\"https:\/\/www.goldmember-escorts.de\/en\/cities\/escorts-in-berlin\/#breadcrumb\"},\"inLanguage\":\"en-US\",\"potentialAction\":[{\"@type\":\"ReadAction\",\"target\":[\"https:\/\/www.goldmember-escorts.de\/en\/cities\/escorts-in-berlin\/\"]}]},{\"@type\":\"ImageObject\",\"inLanguage\":\"en-US\",\"@id\":\"https:\/\/www.goldmember-escorts.de\/en\/cities\/escorts-in-berlin\/#primaryimage\",\"url\":\"https:\/\/www.goldmember-escorts.de\/wp-content\/uploads\/2014\/09\/Berlin-Fernsehturm.jpg\",\"contentUrl\":\"https:\/\/www.goldmember-escorts.de\/wp-content\/uploads\/2014\/09\/Berlin-Fernsehturm.jpg\"},{\"@type\":\"BreadcrumbList\",\"@id\":\"https:\/\/www.goldmember-escorts.de\/en\/cities\/escorts-in-berlin\/#breadcrumb\",\"itemListElement\":[{\"@type\":\"ListItem\",\"position\":1,\"name\":\"Cities\",\"item\":\"https:\/\/www.goldmember-escorts.de\/en\/cities\/\"},{\"@type\":\"ListItem\",\"position\":2,\"name\":\"Escorts in Berlin\"}]},{\"@type\":\"WebSite\",\"@id\":\"https:\/\/www.goldmember-escorts.de\/en\/#website\",\"url\":\"https:\/\/www.goldmember-escorts.de\/en\/\",\"name\":\"Goldmember Escorts\",\"description\":\"\",\"potentialAction\":[{\"@type\":\"SearchAction\",\"target\":{\"@type\":\"EntryPoint\",\"urlTemplate\":\"https:\/\/www.goldmember-escorts.de\/en\/?s={search_term_string}\"},\"query-input\":{\"@type\":\"PropertyValueSpecification\",\"valueRequired\":true,\"valueName\":\"search_term_string\"}}],\"inLanguage\":\"en-US\"}]}<\/script>\n<!-- \/ Yoast SEO plugin. -->","yoast_head_json":{"title":"Escort Service in Berlin - Goldmember Escorts","description":"Escort Berlin \u2713 Escort-und Begleitservice in Berlin \u2713 Diskret \u2713 Haus + Hotelbesuche \u27a8 Jetzt ihr Callgirl bei Goldmember Escorts buchen!","robots":{"index":"index","follow":"follow","max-snippet":"max-snippet:-1","max-image-preview":"max-image-preview:large","max-video-preview":"max-video-preview:-1"},"canonical":"https:\/\/www.goldmember-escorts.de\/en\/cities\/escorts-in-berlin\/","og_locale":"en_US","og_type":"article","og_title":"Escort Service in Berlin - Goldmember Escorts","og_description":"Escort Berlin \u2713 Escort-und Begleitservice in Berlin \u2713 Diskret \u2713 Haus + Hotelbesuche \u27a8 Jetzt ihr Callgirl bei Goldmember Escorts buchen!","og_url":"https:\/\/www.goldmember-escorts.de\/en\/cities\/escorts-in-berlin\/","og_site_name":"Goldmember Escorts","article_modified_time":"2025-02-07T09:28:09+00:00","og_image":[{"width":298,"height":448,"url":"https:\/\/www.goldmember-escorts.de\/wp-content\/uploads\/2014\/09\/Berlin-Fernsehturm.jpg","type":"image\/jpeg"}],"twitter_misc":{"Est. reading time":"17 minutes"},"schema":{"@context":"https:\/\/schema.org","@graph":[{"@type":"WebPage","@id":"https:\/\/www.goldmember-escorts.de\/en\/cities\/escorts-in-berlin\/","url":"https:\/\/www.goldmember-escorts.de\/en\/cities\/escorts-in-berlin\/","name":"Escort Service in Berlin - Goldmember Escorts","isPartOf":{"@id":"https:\/\/www.goldmember-escorts.de\/en\/#website"},"primaryImageOfPage":{"@id":"https:\/\/www.goldmember-escorts.de\/en\/cities\/escorts-in-berlin\/#primaryimage"},"image":{"@id":"https:\/\/www.goldmember-escorts.de\/en\/cities\/escorts-in-berlin\/#primaryimage"},"thumbnailUrl":"https:\/\/www.goldmember-escorts.de\/wp-content\/uploads\/2014\/09\/Berlin-Fernsehturm.jpg","datePublished":"2014-09-04T14:13:50+00:00","dateModified":"2025-02-07T09:28:09+00:00","description":"Escort Berlin \u2713 Escort-und Begleitservice in Berlin \u2713 Diskret \u2713 Haus + Hotelbesuche \u27a8 Jetzt ihr Callgirl bei Goldmember Escorts buchen!","breadcrumb":{"@id":"https:\/\/www.goldmember-escorts.de\/en\/cities\/escorts-in-berlin\/#breadcrumb"},"inLanguage":"en-US","potentialAction":[{"@type":"ReadAction","target":["https:\/\/www.goldmember-escorts.de\/en\/cities\/escorts-in-berlin\/"]}]},{"@type":"ImageObject","inLanguage":"en-US","@id":"https:\/\/www.goldmember-escorts.de\/en\/cities\/escorts-in-berlin\/#primaryimage","url":"https:\/\/www.goldmember-escorts.de\/wp-content\/uploads\/2014\/09\/Berlin-Fernsehturm.jpg","contentUrl":"https:\/\/www.goldmember-escorts.de\/wp-content\/uploads\/2014\/09\/Berlin-Fernsehturm.jpg"},{"@type":"BreadcrumbList","@id":"https:\/\/www.goldmember-escorts.de\/en\/cities\/escorts-in-berlin\/#breadcrumb","itemListElement":[{"@type":"ListItem","position":1,"name":"Cities","item":"https:\/\/www.goldmember-escorts.de\/en\/cities\/"},{"@type":"ListItem","position":2,"name":"Escorts in Berlin"}]},{"@type":"WebSite","@id":"https:\/\/www.goldmember-escorts.de\/en\/#website","url":"https:\/\/www.goldmember-escorts.de\/en\/","name":"Goldmember Escorts","description":"","potentialAction":[{"@type":"SearchAction","target":{"@type":"EntryPoint","urlTemplate":"https:\/\/www.goldmember-escorts.de\/en\/?s={search_term_string}"},"query-input":{"@type":"PropertyValueSpecification","valueRequired":true,"valueName":"search_term_string"}}],"inLanguage":"en-US"}]}},"_links":{"self":[{"href":"https:\/\/www.goldmember-escorts.de\/en\/wp-json\/wp\/v2\/pages\/2289","targetHints":{"allow":["GET"]}}],"collection":[{"href":"https:\/\/www.goldmember-escorts.de\/en\/wp-json\/wp\/v2\/pages"}],"about":[{"href":"https:\/\/www.goldmember-escorts.de\/en\/wp-json\/wp\/v2\/types\/page"}],"author":[{"embeddable":true,"href":"https:\/\/www.goldmember-escorts.de\/en\/wp-json\/wp\/v2\/users\/40"}],"replies":[{"embeddable":true,"href":"https:\/\/www.goldmember-escorts.de\/en\/wp-json\/wp\/v2\/comments?post=2289"}],"version-history":[{"count":1,"href":"https:\/\/www.goldmember-escorts.de\/en\/wp-json\/wp\/v2\/pages\/2289\/revisions"}],"predecessor-version":[{"id":32312,"href":"https:\/\/www.goldmember-escorts.de\/en\/wp-json\/wp\/v2\/pages\/2289\/revisions\/32312"}],"up":[{"embeddable":true,"href":"https:\/\/www.goldmember-escorts.de\/en\/wp-json\/wp\/v2\/pages\/1883"}],"wp:attachment":[{"href":"https:\/\/www.goldmember-escorts.de\/en\/wp-json\/wp\/v2\/media?parent=2289"}],"curies":[{"name":"wp","href":"https:\/\/api.w.org\/{rel}","templated":true}]}}