{"id":1699,"date":"2014-08-27T10:28:50","date_gmt":"2014-08-27T08:28:50","guid":{"rendered":"https:\/\/www.goldmember-escorts.de\/?page_id=1699"},"modified":"2026-02-26T13:54:55","modified_gmt":"2026-02-26T12:54:55","slug":"imprint","status":"publish","type":"page","link":"https:\/\/www.goldmember-escorts.de\/en\/imprint\/","title":{"rendered":"Imprint"},"content":{"rendered":"<h3 class=\"widget-title\">Impressum<\/h3>\n<p><a href=\"https:\/\/www.goldmember-escorts.de\/wp-content\/uploads\/2018\/12\/1545232039-031ecb08c97d16cdd112c14af13460d2.jpg\"><img loading=\"lazy\" decoding=\"async\" class=\"alignnone wp-image-18992 size-medium\" src=\"https:\/\/www.goldmember-escorts.de\/wp-content\/uploads\/2018\/12\/1545232039-031ecb08c97d16cdd112c14af13460d2-300x84.jpg\" alt=\"\" width=\"300\" height=\"84\" \/><\/a><\/p>\n<p><strong>Tel:<\/strong> +49 175 6767670<\/p>\n<p><strong>Mail:<\/strong>\u00a0 <a href=\"mailto:info@goldmemberescorts.de\">info<\/a><a href=\"mailto:info@js-beauftragter.de\"> (at) <\/a><a href=\"mailto:info@goldmemberescorts.de\">goldmember-escorts.de<\/a><\/p>\n<p><strong>Web:<\/strong> <a href=\"https:\/\/www.goldmember-escorts.de\/en\/\">www.goldmember-escorts.de<\/a><\/p>\n<p><strong>Adresse:<\/strong> Sophie-Charlotten-Str. 9, 14059 Berlin<\/p>\n<p><strong>Umsatzsteuer ID:<\/strong> auf Anfrage<\/p>\n<p><strong>Goldmember Escorts<\/strong> ist eine beim Deutschen Patent- und Markenamt eingetragene Wort-Bildmarke.<\/p>\n<p><a href=\"http:\/\/www.js-beauftragter.de\/\">Jugenschutzbeauftragter<\/a><\/p>\n<p>f\u00fcr<br \/>\n<strong>goldmember-escorts.de<\/strong><br \/>\ngem\u00e4\u00df<br \/>\nJMStV \u00a77 Abs. 1<br \/>\n<a href=\"http:\/\/www.js-beauftragter.de\/\" target=\"_blank\" rel=\"noopener noreferrer\">www.js-beauftragter.de<\/a><br \/>\n<strong>Mail:<\/strong> <a href=\"mailto:info@js-beauftragter.de\">info (at) js-beauftragter.de<\/a><\/p>\n<p style=\"text-align: left;\"><a href=\"http:\/\/www.jugendschutzprogramm.de\/download\"><img loading=\"lazy\" decoding=\"async\" class=\"alignleft size-full wp-image-15881\" src=\"https:\/\/www.goldmember-escorts.de\/wp-content\/uploads\/2014\/08\/1503585699-baee2fc08467d90e92169d5e83ddafe2.png\" alt=\"jusprog-age-xml-18\" width=\"156\" height=\"31\" srcset=\"https:\/\/www.goldmember-escorts.de\/wp-content\/uploads\/2014\/08\/1503585699-baee2fc08467d90e92169d5e83ddafe2.png 156w, https:\/\/www.goldmember-escorts.de\/wp-content\/uploads\/2014\/08\/1503585699-baee2fc08467d90e92169d5e83ddafe2-150x31.png 150w, https:\/\/www.goldmember-escorts.de\/wp-content\/uploads\/2014\/08\/1503585699-baee2fc08467d90e92169d5e83ddafe2-101x20.png 101w\" sizes=\"auto, (max-width: 156px) 100vw, 156px\" \/><\/a><\/p>\n<p>&nbsp;<\/p>\n<p>&nbsp;<\/p>\n<p><strong>Haftungsausschluss<br \/>\n<\/strong>Unsere Haftungsbedingungen finden Sie <a href=\"http:\/\/www.disclaimer.de\/disclaimer.htm\" target=\"_blank\" rel=\"noopener noreferrer\">hier<\/a>.<\/p>\n<p>&nbsp;<\/p>\n<p><strong>In Zusammenarbeit mit der Online Marketing Agentur:<\/strong><\/p>\n<p><a href=\"https:\/\/www.seosupport.de\/\" target=\"_blank\" rel=\"noopener noreferrer\"><img loading=\"lazy\" decoding=\"async\" class=\"alignleft size-full wp-image-351\" src=\"https:\/\/www.goldmember-escorts.de\/wp-content\/uploads\/2014\/08\/seosupport.jpg\" alt=\"seosupport\" width=\"298\" height=\"60\" srcset=\"https:\/\/www.goldmember-escorts.de\/wp-content\/uploads\/2014\/08\/seosupport.jpg 298w, https:\/\/www.goldmember-escorts.de\/wp-content\/uploads\/2014\/08\/seosupport-215x43.jpg 215w, https:\/\/www.goldmember-escorts.de\/wp-content\/uploads\/2014\/08\/seosupport-101x20.jpg 101w\" sizes=\"auto, (max-width: 298px) 100vw, 298px\" \/><\/a><\/p>\n","protected":false},"excerpt":{"rendered":"<p>Impressum Tel: +49 175 6767670 Mail:\u00a0 info (at) goldmember-escorts.de Web: www.goldmember-escorts.de Adresse: Sophie-Charlotten-Str. 9, 14059 Berlin Umsatzsteuer ID: auf Anfrage Goldmember Escorts ist eine beim Deutschen Patent- und Markenamt eingetragene Wort-Bildmarke. Jugenschutzbeauftragter f\u00fcr goldmember-escorts.de gem\u00e4\u00df JMStV \u00a77 Abs. 1 www.js-beauftragter.de Mail: info (at) js-beauftragter.de &nbsp; &nbsp; Haftungsausschluss Unsere Haftungsbedingungen finden Sie hier. &nbsp; In Zusammenarbeit [&hellip;]<\/p>\n","protected":false},"author":40,"featured_media":0,"parent":0,"menu_order":0,"comment_status":"closed","ping_status":"open","template":"","meta":{"_acf_changed":false,"footnotes":""},"class_list":["post-1699","page","type-page","status-publish","hentry"],"acf":[],"yoast_head":"<!-- This site is optimized with the Yoast SEO plugin v27.1.1 - https:\/\/yoast.com\/product\/yoast-seo-wordpress\/ -->\n<title>Impressum - Goldmember Escort<\/title>\n<meta name=\"description\" content=\"Impressum des Escort Service von Goldmember Escorts. Ihre Begleitagentur in Berlin M\u00fcnchen, Hamburg und K\u00f6ln.\" \/>\n<meta name=\"robots\" content=\"index, follow, max-snippet:-1, max-image-preview:large, max-video-preview:-1\" \/>\n<link rel=\"canonical\" href=\"https:\/\/www.goldmember-escorts.de\/en\/imprint\/\" \/>\n<meta property=\"og:locale\" content=\"en_US\" \/>\n<meta property=\"og:type\" content=\"article\" \/>\n<meta property=\"og:title\" content=\"Impressum - Goldmember Escort\" \/>\n<meta property=\"og:description\" content=\"Impressum des Escort Service von Goldmember Escorts. Ihre Begleitagentur in Berlin M\u00fcnchen, Hamburg und K\u00f6ln.\" \/>\n<meta property=\"og:url\" content=\"https:\/\/www.goldmember-escorts.de\/en\/imprint\/\" \/>\n<meta property=\"og:site_name\" content=\"Goldmember Escorts\" \/>\n<meta property=\"article:modified_time\" content=\"2026-02-26T12:54:55+00:00\" \/>\n<meta name=\"twitter:label1\" content=\"Est. reading time\" \/>\n\t<meta name=\"twitter:data1\" content=\"5 minutes\" \/>\n<script type=\"application\/ld+json\" class=\"yoast-schema-graph\">{\"@context\":\"https:\/\/schema.org\",\"@graph\":[{\"@type\":\"WebPage\",\"@id\":\"https:\/\/www.goldmember-escorts.de\/en\/imprint\/\",\"url\":\"https:\/\/www.goldmember-escorts.de\/en\/imprint\/\",\"name\":\"Impressum - Goldmember Escort\",\"isPartOf\":{\"@id\":\"https:\/\/www.goldmember-escorts.de\/en\/#website\"},\"primaryImageOfPage\":{\"@id\":\"https:\/\/www.goldmember-escorts.de\/en\/imprint\/#primaryimage\"},\"image\":{\"@id\":\"https:\/\/www.goldmember-escorts.de\/en\/imprint\/#primaryimage\"},\"thumbnailUrl\":\"https:\/\/www.goldmember-escorts.de\/wp-content\/uploads\/2018\/12\/1545232039-031ecb08c97d16cdd112c14af13460d2-300x84.jpg\",\"datePublished\":\"2014-08-27T08:28:50+00:00\",\"dateModified\":\"2026-02-26T12:54:55+00:00\",\"description\":\"Impressum des Escort Service von Goldmember Escorts. Ihre Begleitagentur in Berlin M\u00fcnchen, Hamburg und K\u00f6ln.\",\"inLanguage\":\"en-US\",\"potentialAction\":[{\"@type\":\"ReadAction\",\"target\":[\"https:\/\/www.goldmember-escorts.de\/en\/imprint\/\"]}]},{\"@type\":\"ImageObject\",\"inLanguage\":\"en-US\",\"@id\":\"https:\/\/www.goldmember-escorts.de\/en\/imprint\/#primaryimage\",\"url\":\"https:\/\/www.goldmember-escorts.de\/wp-content\/uploads\/2018\/12\/1545232039-031ecb08c97d16cdd112c14af13460d2-300x84.jpg\",\"contentUrl\":\"https:\/\/www.goldmember-escorts.de\/wp-content\/uploads\/2018\/12\/1545232039-031ecb08c97d16cdd112c14af13460d2-300x84.jpg\"},{\"@type\":\"WebSite\",\"@id\":\"https:\/\/www.goldmember-escorts.de\/en\/#website\",\"url\":\"https:\/\/www.goldmember-escorts.de\/en\/\",\"name\":\"Goldmember Escorts\",\"description\":\"\",\"potentialAction\":[{\"@type\":\"SearchAction\",\"target\":{\"@type\":\"EntryPoint\",\"urlTemplate\":\"https:\/\/www.goldmember-escorts.de\/en\/?s={search_term_string}\"},\"query-input\":{\"@type\":\"PropertyValueSpecification\",\"valueRequired\":true,\"valueName\":\"search_term_string\"}}],\"inLanguage\":\"en-US\"}]}<\/script>\n<!-- \/ Yoast SEO plugin. -->","yoast_head_json":{"title":"Impressum - Goldmember Escort","description":"Impressum des Escort Service von Goldmember Escorts. Ihre Begleitagentur in Berlin M\u00fcnchen, Hamburg und K\u00f6ln.","robots":{"index":"index","follow":"follow","max-snippet":"max-snippet:-1","max-image-preview":"max-image-preview:large","max-video-preview":"max-video-preview:-1"},"canonical":"https:\/\/www.goldmember-escorts.de\/en\/imprint\/","og_locale":"en_US","og_type":"article","og_title":"Impressum - Goldmember Escort","og_description":"Impressum des Escort Service von Goldmember Escorts. Ihre Begleitagentur in Berlin M\u00fcnchen, Hamburg und K\u00f6ln.","og_url":"https:\/\/www.goldmember-escorts.de\/en\/imprint\/","og_site_name":"Goldmember Escorts","article_modified_time":"2026-02-26T12:54:55+00:00","twitter_misc":{"Est. reading time":"5 minutes"},"schema":{"@context":"https:\/\/schema.org","@graph":[{"@type":"WebPage","@id":"https:\/\/www.goldmember-escorts.de\/en\/imprint\/","url":"https:\/\/www.goldmember-escorts.de\/en\/imprint\/","name":"Impressum - Goldmember Escort","isPartOf":{"@id":"https:\/\/www.goldmember-escorts.de\/en\/#website"},"primaryImageOfPage":{"@id":"https:\/\/www.goldmember-escorts.de\/en\/imprint\/#primaryimage"},"image":{"@id":"https:\/\/www.goldmember-escorts.de\/en\/imprint\/#primaryimage"},"thumbnailUrl":"https:\/\/www.goldmember-escorts.de\/wp-content\/uploads\/2018\/12\/1545232039-031ecb08c97d16cdd112c14af13460d2-300x84.jpg","datePublished":"2014-08-27T08:28:50+00:00","dateModified":"2026-02-26T12:54:55+00:00","description":"Impressum des Escort Service von Goldmember Escorts. Ihre Begleitagentur in Berlin M\u00fcnchen, Hamburg und K\u00f6ln.","inLanguage":"en-US","potentialAction":[{"@type":"ReadAction","target":["https:\/\/www.goldmember-escorts.de\/en\/imprint\/"]}]},{"@type":"ImageObject","inLanguage":"en-US","@id":"https:\/\/www.goldmember-escorts.de\/en\/imprint\/#primaryimage","url":"https:\/\/www.goldmember-escorts.de\/wp-content\/uploads\/2018\/12\/1545232039-031ecb08c97d16cdd112c14af13460d2-300x84.jpg","contentUrl":"https:\/\/www.goldmember-escorts.de\/wp-content\/uploads\/2018\/12\/1545232039-031ecb08c97d16cdd112c14af13460d2-300x84.jpg"},{"@type":"WebSite","@id":"https:\/\/www.goldmember-escorts.de\/en\/#website","url":"https:\/\/www.goldmember-escorts.de\/en\/","name":"Goldmember Escorts","description":"","potentialAction":[{"@type":"SearchAction","target":{"@type":"EntryPoint","urlTemplate":"https:\/\/www.goldmember-escorts.de\/en\/?s={search_term_string}"},"query-input":{"@type":"PropertyValueSpecification","valueRequired":true,"valueName":"search_term_string"}}],"inLanguage":"en-US"}]}},"_links":{"self":[{"href":"https:\/\/www.goldmember-escorts.de\/en\/wp-json\/wp\/v2\/pages\/1699","targetHints":{"allow":["GET"]}}],"collection":[{"href":"https:\/\/www.goldmember-escorts.de\/en\/wp-json\/wp\/v2\/pages"}],"about":[{"href":"https:\/\/www.goldmember-escorts.de\/en\/wp-json\/wp\/v2\/types\/page"}],"author":[{"embeddable":true,"href":"https:\/\/www.goldmember-escorts.de\/en\/wp-json\/wp\/v2\/users\/40"}],"replies":[{"embeddable":true,"href":"https:\/\/www.goldmember-escorts.de\/en\/wp-json\/wp\/v2\/comments?post=1699"}],"version-history":[{"count":2,"href":"https:\/\/www.goldmember-escorts.de\/en\/wp-json\/wp\/v2\/pages\/1699\/revisions"}],"predecessor-version":[{"id":34296,"href":"https:\/\/www.goldmember-escorts.de\/en\/wp-json\/wp\/v2\/pages\/1699\/revisions\/34296"}],"wp:attachment":[{"href":"https:\/\/www.goldmember-escorts.de\/en\/wp-json\/wp\/v2\/media?parent=1699"}],"curies":[{"name":"wp","href":"https:\/\/api.w.org\/{rel}","templated":true}]}}